{"id":2817,"date":"2022-08-31T10:17:41","date_gmt":"2022-08-31T10:17:41","guid":{"rendered":"https:\/\/piriformismed.hu\/?page_id=2817"},"modified":"2022-12-20T09:21:47","modified_gmt":"2022-12-20T09:21:47","slug":"gyakran-ismetelt-kerdesek","status":"publish","type":"page","link":"https:\/\/piriformismed.hu\/en\/hasznos-tudnivalok\/gyakran-ismetelt-kerdesek\/","title":{"rendered":"Gyakran ism\u00e9telt k\u00e9rd\u00e9sek"},"content":{"rendered":"<div data-elementor-type=\"wp-page\" data-elementor-id=\"2817\" class=\"elementor elementor-2817\" data-elementor-post-type=\"page\">\n\t\t\t\t\t\t<section class=\"elementor-section elementor-top-section elementor-element elementor-element-2de4e8fb elementor-section-boxed elementor-section-height-default elementor-section-height-default\" data-id=\"2de4e8fb\" data-element_type=\"section\" data-e-type=\"section\" data-settings=\"{&quot;background_background&quot;:&quot;classic&quot;,&quot;shape_divider_bottom&quot;:&quot;mountains&quot;}\">\n\t\t\t\t\t<div class=\"elementor-shape elementor-shape-bottom\" aria-hidden=\"true\" data-negative=\"false\">\n\t\t\t<svg xmlns=\"http:\/\/www.w3.org\/2000\/svg\" viewbox=\"0 0 1000 100\" preserveaspectratio=\"none\">\n\t<path class=\"elementor-shape-fill\" opacity=\"0.33\" d=\"M473,67.3c-203.9,88.3-263.1-34-320.3,0C66,119.1,0,59.7,0,59.7V0h1000v59.7 c0,0-62.1,26.1-94.9,29.3c-32.8,3.3-62.8-12.3-75.8-22.1C806,49.6,745.3,8.7,694.9,4.7S492.4,59,473,67.3z\"\/>\n\t<path class=\"elementor-shape-fill\" opacity=\"0.66\" d=\"M734,67.3c-45.5,0-77.2-23.2-129.1-39.1c-28.6-8.7-150.3-10.1-254,39.1 s-91.7-34.4-149.2,0C115.7,118.3,0,39.8,0,39.8V0h1000v36.5c0,0-28.2-18.5-92.1-18.5C810.2,18.1,775.7,67.3,734,67.3z\"\/>\n\t<path class=\"elementor-shape-fill\" d=\"M766.1,28.9c-200-57.5-266,65.5-395.1,19.5C242,1.8,242,5.4,184.8,20.6C128,35.8,132.3,44.9,89.9,52.5C28.6,63.7,0,0,0,0 h1000c0,0-9.9,40.9-83.6,48.1S829.6,47,766.1,28.9z\"\/>\n<\/svg>\t\t<\/div>\n\t\t\t\t\t<div class=\"elementor-container elementor-column-gap-no\">\n\t\t\t\t\t<div class=\"elementor-column elementor-col-100 elementor-top-column elementor-element elementor-element-4e43c029\" data-id=\"4e43c029\" data-element_type=\"column\" data-e-type=\"column\">\n\t\t\t<div class=\"elementor-widget-wrap elementor-element-populated\">\n\t\t\t\t\t\t<div class=\"elementor-element elementor-element-6929b8a elementor-widget__width-initial elementor-absolute elementor-view-default elementor-widget elementor-widget-icon\" data-id=\"6929b8a\" data-element_type=\"widget\" data-e-type=\"widget\" data-settings=\"{&quot;motion_fx_motion_fx_mouse&quot;:&quot;yes&quot;,&quot;motion_fx_mouseTrack_effect&quot;:&quot;yes&quot;,&quot;motion_fx_mouseTrack_direction&quot;:&quot;negative&quot;,&quot;motion_fx_mouseTrack_speed&quot;:{&quot;unit&quot;:&quot;px&quot;,&quot;size&quot;:0.7,&quot;sizes&quot;:[]},&quot;_position&quot;:&quot;absolute&quot;}\" data-widget_type=\"icon.default\">\n\t\t\t\t<div class=\"elementor-widget-container\">\n\t\t\t\t\t\t\t<div class=\"elementor-icon-wrapper\">\n\t\t\t<div class=\"elementor-icon\">\n\t\t\t\t\t\t<\/div>\n\t\t<\/div>\n\t\t\t\t\t\t<\/div>\n\t\t\t\t<\/div>\n\t\t\t\t<div class=\"elementor-element elementor-element-748ffb13 elementor-widget__width-initial elementor-absolute elementor-view-default elementor-widget elementor-widget-icon\" data-id=\"748ffb13\" data-element_type=\"widget\" data-e-type=\"widget\" data-settings=\"{&quot;motion_fx_motion_fx_mouse&quot;:&quot;yes&quot;,&quot;motion_fx_mouseTrack_effect&quot;:&quot;yes&quot;,&quot;motion_fx_mouseTrack_direction&quot;:&quot;negative&quot;,&quot;motion_fx_mouseTrack_speed&quot;:{&quot;unit&quot;:&quot;px&quot;,&quot;size&quot;:0.8,&quot;sizes&quot;:[]},&quot;_position&quot;:&quot;absolute&quot;}\" data-widget_type=\"icon.default\">\n\t\t\t\t<div class=\"elementor-widget-container\">\n\t\t\t\t\t\t\t<div class=\"elementor-icon-wrapper\">\n\t\t\t<div class=\"elementor-icon\">\n\t\t\t\t\t\t<\/div>\n\t\t<\/div>\n\t\t\t\t\t\t<\/div>\n\t\t\t\t<\/div>\n\t\t\t\t<div class=\"elementor-element elementor-element-5a9e67dc elementor-widget__width-initial elementor-absolute elementor-hidden-tablet elementor-view-default elementor-widget elementor-widget-icon\" data-id=\"5a9e67dc\" data-element_type=\"widget\" data-e-type=\"widget\" data-settings=\"{&quot;motion_fx_motion_fx_mouse&quot;:&quot;yes&quot;,&quot;motion_fx_mouseTrack_effect&quot;:&quot;yes&quot;,&quot;motion_fx_mouseTrack_speed&quot;:{&quot;unit&quot;:&quot;px&quot;,&quot;size&quot;:0.4,&quot;sizes&quot;:[]},&quot;_position&quot;:&quot;absolute&quot;}\" data-widget_type=\"icon.default\">\n\t\t\t\t<div class=\"elementor-widget-container\">\n\t\t\t\t\t\t\t<div class=\"elementor-icon-wrapper\">\n\t\t\t<div class=\"elementor-icon\">\n\t\t\t\t\t\t<\/div>\n\t\t<\/div>\n\t\t\t\t\t\t<\/div>\n\t\t\t\t<\/div>\n\t\t\t\t<div class=\"elementor-element elementor-element-15508a0d elementor-widget__width-initial elementor-absolute elementor-view-default elementor-widget elementor-widget-icon\" data-id=\"15508a0d\" data-element_type=\"widget\" data-e-type=\"widget\" data-settings=\"{&quot;motion_fx_motion_fx_mouse&quot;:&quot;yes&quot;,&quot;motion_fx_mouseTrack_effect&quot;:&quot;yes&quot;,&quot;motion_fx_mouseTrack_speed&quot;:{&quot;unit&quot;:&quot;px&quot;,&quot;size&quot;:0.4,&quot;sizes&quot;:[]},&quot;_position&quot;:&quot;absolute&quot;}\" data-widget_type=\"icon.default\">\n\t\t\t\t<div class=\"elementor-widget-container\">\n\t\t\t\t\t\t\t<div class=\"elementor-icon-wrapper\">\n\t\t\t<div class=\"elementor-icon\">\n\t\t\t\t\t\t<\/div>\n\t\t<\/div>\n\t\t\t\t\t\t<\/div>\n\t\t\t\t<\/div>\n\t\t\t\t<div class=\"elementor-element elementor-element-4177f6bb elementor-widget elementor-widget-heading\" data-id=\"4177f6bb\" data-element_type=\"widget\" data-e-type=\"widget\" data-widget_type=\"heading.default\">\n\t\t\t\t<div class=\"elementor-widget-container\">\n\t\t\t\t\t<h1 class=\"elementor-heading-title elementor-size-default\">Gyakran ism\u00e9telt k\u00e9rd\u00e9sek<\/h1>\t\t\t\t<\/div>\n\t\t\t\t<\/div>\n\t\t\t\t\t<\/div>\n\t\t<\/div>\n\t\t\t\t\t<\/div>\n\t\t<\/section>\n\t\t\t\t<section class=\"elementor-section elementor-top-section elementor-element elementor-element-b4930f9 elementor-section-boxed elementor-section-height-default elementor-section-height-default\" data-id=\"b4930f9\" data-element_type=\"section\" data-e-type=\"section\">\n\t\t\t\t\t\t<div class=\"elementor-container elementor-column-gap-no\">\n\t\t\t\t\t<div class=\"elementor-column elementor-col-100 elementor-top-column elementor-element elementor-element-12cf78f\" data-id=\"12cf78f\" data-element_type=\"column\" data-e-type=\"column\">\n\t\t\t<div class=\"elementor-widget-wrap elementor-element-populated\">\n\t\t\t\t\t\t<div class=\"elementor-element elementor-element-aef7de1 elementor-widget-divider--view-line_icon elementor-widget-divider--separator-type-pattern elementor-view-default elementor-widget-divider--element-align-center elementor-widget elementor-widget-divider\" data-id=\"aef7de1\" data-element_type=\"widget\" data-e-type=\"widget\" data-widget_type=\"divider.default\">\n\t\t\t\t<div class=\"elementor-widget-container\">\n\t\t\t\t\t\t\t<div class=\"elementor-divider\" style=\"--divider-pattern-url: url(&quot;data:image\/svg+xml,%3Csvg xmlns=&#039;http:\/\/www.w3.org\/2000\/svg&#039; preserveAspectRatio=&#039;none&#039; overflow=&#039;visible&#039; height=&#039;100%&#039; viewBox=&#039;0 0 24 24&#039; fill=&#039;none&#039; stroke=&#039;black&#039; stroke-width=&#039;3&#039; stroke-linecap=&#039;square&#039; stroke-miterlimit=&#039;10&#039;%3E%3Cpolyline points=&#039;0,18 12,6 24,18 &#039;\/%3E%3C\/svg%3E&quot;);\">\n\t\t\t<span class=\"elementor-divider-separator\">\n\t\t\t\t\t\t\t<div class=\"elementor-icon elementor-divider__element\">\n\t\t\t\t\t<i aria-hidden=\"true\" class=\"fas fa-running\"><\/i><\/div>\n\t\t\t\t\t\t<\/span>\n\t\t<\/div>\n\t\t\t\t\t\t<\/div>\n\t\t\t\t<\/div>\n\t\t\t\t\t<\/div>\n\t\t<\/div>\n\t\t\t\t\t<\/div>\n\t\t<\/section>\n\t\t\t\t<section class=\"elementor-section elementor-top-section elementor-element elementor-element-9f7629f elementor-section-content-middle elementor-section-boxed elementor-section-height-default elementor-section-height-default\" data-id=\"9f7629f\" data-element_type=\"section\" data-e-type=\"section\">\n\t\t\t\t\t\t<div class=\"elementor-container elementor-column-gap-no\">\n\t\t\t\t\t<div class=\"elementor-column elementor-col-100 elementor-top-column elementor-element elementor-element-1f159cda\" data-id=\"1f159cda\" data-element_type=\"column\" data-e-type=\"column\">\n\t\t\t<div class=\"elementor-widget-wrap elementor-element-populated\">\n\t\t\t\t\t\t<div class=\"elementor-element elementor-element-3beec813 elementor-widget elementor-widget-toggle\" data-id=\"3beec813\" data-element_type=\"widget\" data-e-type=\"widget\" data-widget_type=\"toggle.default\">\n\t\t\t\t<div class=\"elementor-widget-container\">\n\t\t\t\t\t\t\t<div class=\"elementor-toggle\">\n\t\t\t\t\t\t\t<div class=\"elementor-toggle-item\">\n\t\t\t\t\t<div id=\"elementor-tab-title-1001\" class=\"elementor-tab-title\" data-tab=\"1\" role=\"button\" aria-controls=\"elementor-tab-content-1001\" aria-expanded=\"false\">\n\t\t\t\t\t\t\t\t\t\t\t\t<span class=\"elementor-toggle-icon elementor-toggle-icon-right\" aria-hidden=\"true\">\n\t\t\t\t\t\t\t\t\t\t\t\t\t\t\t<span class=\"elementor-toggle-icon-closed\"><i class=\"fas fa-caret-right\"><\/i><\/span>\n\t\t\t\t\t\t\t\t<span class=\"elementor-toggle-icon-opened\"><i class=\"elementor-toggle-icon-opened fas fa-caret-up\"><\/i><\/span>\n\t\t\t\t\t\t\t\t\t\t\t\t\t<\/span>\n\t\t\t\t\t\t\t\t\t\t\t\t<a class=\"elementor-toggle-title\" tabindex=\"0\">Parkol\u00e1s \u00e9s megk\u00f6zel\u00edthet\u0151s\u00e9g<\/a>\n\t\t\t\t\t<\/div>\n\n\t\t\t\t\t<div id=\"elementor-tab-content-1001\" class=\"elementor-tab-content elementor-clearfix\" data-tab=\"1\" role=\"region\" aria-labelledby=\"elementor-tab-title-1001\"><p style=\"text-align: left;\">Betegeink sz\u00e1m\u00e1ra az \u00e9p\u00fclet el\u0151tt biztos\u00edtjuk a parkol\u00e1st, amely d\u00edjmentes \u00f6vezet. Tisztelettel k\u00e9rj\u00fck \u00d6n\u00f6ket, hogy a bej\u00e1rati kapu el\u0151tti teret hagyj\u00e1k mindig szabadon. Amennyiben mozg\u00e1s\u00e1ban korl\u00e1tozott szem\u00e9ly \u00e9rkezik hozz\u00e1nk, k\u00e9rj\u00fck jelezz\u00e9k fel\u00e9nk, ebben az esetben beengedj\u00fck \u00d6n\u00f6ket az udvarba a kezel\u00e9s idej\u00e9re.<\/p><p style=\"text-align: left;\">A Vas\u00fat\u00e1llom\u00e1st\u00f3l \u00e9s az Aut\u00f3buszp\u00e1lyaudvart\u00f3l gyalogosan k\u00f6nnyen el\u00e9rhetik a rendel\u0151nket. Egyes t\u00e1vols\u00e1gi buszok a rendel\u0151nk el\u0151tt k\u00f6zvetlen\u00fcl meg is \u00e1llnak.<\/p><\/div>\n\t\t\t\t<\/div>\n\t\t\t\t\t\t\t<div class=\"elementor-toggle-item\">\n\t\t\t\t\t<div id=\"elementor-tab-title-1002\" class=\"elementor-tab-title\" data-tab=\"2\" role=\"button\" aria-controls=\"elementor-tab-content-1002\" aria-expanded=\"false\">\n\t\t\t\t\t\t\t\t\t\t\t\t<span class=\"elementor-toggle-icon elementor-toggle-icon-right\" aria-hidden=\"true\">\n\t\t\t\t\t\t\t\t\t\t\t\t\t\t\t<span class=\"elementor-toggle-icon-closed\"><i class=\"fas fa-caret-right\"><\/i><\/span>\n\t\t\t\t\t\t\t\t<span class=\"elementor-toggle-icon-opened\"><i class=\"elementor-toggle-icon-opened fas fa-caret-up\"><\/i><\/span>\n\t\t\t\t\t\t\t\t\t\t\t\t\t<\/span>\n\t\t\t\t\t\t\t\t\t\t\t\t<a class=\"elementor-toggle-title\" tabindex=\"0\">Mit vigyek magammal az els\u0151 konzult\u00e1ci\u00f3ra?<\/a>\n\t\t\t\t\t<\/div>\n\n\t\t\t\t\t<div id=\"elementor-tab-content-1002\" class=\"elementor-tab-content elementor-clearfix\" data-tab=\"2\" role=\"region\" aria-labelledby=\"elementor-tab-title-1002\"><p style=\"text-align: left;\">Az els\u0151 konzult\u00e1ci\u00f3ra k\u00e9rj\u00fck hozza mag\u00e1val a legfrissebb ambul\u00e1ns lapokat vagy k\u00f3rh\u00e1zi z\u00e1r\u00f3jelent\u00e9st, a k\u00e9palkot\u00f3i diagnosztikai (MRI, CT, RTG) \u00e9s neurol\u00f3giai vizsg\u00e1lati leletek (EMG, ENG) eredm\u00e9nyeit \u00e9s CD-it.<\/p><p style=\"text-align: left;\">Felh\u00edvjuk figyelm\u00e9t, hogy a fizik\u00e1lis vizsg\u00e1lat sor\u00e1n feh\u00e9rnem\u0171ben kell lennie (h\u00f6lgyekn\u00e9l melltart\u00f3 \u00e9s als\u00f3, urakn\u00e1l testhez\u00e1ll\u00f3 nadr\u00e1g vagy boxer). Zokni minden alkalomkor k\u00f6telez\u0151 illetve hossz\u00fa haj\u00fa h\u00f6lgyvend\u00e9gek eset\u00e9n aj\u00e1nljuk a haj \u00f6sszek\u00f6t\u00e9s\u00e9re szolg\u00e1l\u00f3 hajgumit.<\/p><p style=\"text-align: left;\">A kezel\u00e9shez laza sportruh\u00e1zat sz\u00fcks\u00e9ges, ami nem t\u00fal b\u0151, hogy a gyakorlatok v\u00e9gz\u00e9se k\u00f6zben l\u00e1thassam a megfelel\u0151 mozg\u00e1sokat. Teremcip\u0151t a terapeuta k\u00fcl\u00f6n jelz\u00e9se eset\u00e9n sz\u00fcks\u00e9ges hozni.<\/p><\/div>\n\t\t\t\t<\/div>\n\t\t\t\t\t\t\t<div class=\"elementor-toggle-item\">\n\t\t\t\t\t<div id=\"elementor-tab-title-1003\" class=\"elementor-tab-title\" data-tab=\"3\" role=\"button\" aria-controls=\"elementor-tab-content-1003\" aria-expanded=\"false\">\n\t\t\t\t\t\t\t\t\t\t\t\t<span class=\"elementor-toggle-icon elementor-toggle-icon-right\" aria-hidden=\"true\">\n\t\t\t\t\t\t\t\t\t\t\t\t\t\t\t<span class=\"elementor-toggle-icon-closed\"><i class=\"fas fa-caret-right\"><\/i><\/span>\n\t\t\t\t\t\t\t\t<span class=\"elementor-toggle-icon-opened\"><i class=\"elementor-toggle-icon-opened fas fa-caret-up\"><\/i><\/span>\n\t\t\t\t\t\t\t\t\t\t\t\t\t<\/span>\n\t\t\t\t\t\t\t\t\t\t\t\t<a class=\"elementor-toggle-title\" tabindex=\"0\">Mi fog t\u00f6rt\u00e9nni az els\u0151 konzult\u00e1ci\u00f3n?<\/a>\n\t\t\t\t\t<\/div>\n\n\t\t\t\t\t<div id=\"elementor-tab-content-1003\" class=\"elementor-tab-content elementor-clearfix\" data-tab=\"3\" role=\"region\" aria-labelledby=\"elementor-tab-title-1003\"><p style=\"text-align: left;\">A rehabilit\u00e1ci\u00f3s programunk els\u0151 \u00e9s legfontosabb l\u00e9p\u00e9se, hogy megismerkedjem az \u00d6n fizikai \u00e1llapot\u00e1val.<\/p><p style=\"text-align: left;\">Ehhez t\u00f6bbfajta vizsg\u00e1latot kell elv\u00e9geznem. Legel\u0151sz\u00f6r is alaposan kik\u00e9rdezem \u00d6nt jelenlegi panaszair\u00f3l \u00e9s a m\u00faltbeli betegs\u00e9geir\u0151l. Ezt k\u00f6vet\u0151en statikus helyzetben megfigyelem az \u00d6n tart\u00e1s\u00e1t, majd akt\u00edv- \u00e9s passz\u00edv mozg\u00e1sos teszteket valamint speci\u00e1lis- \u00e9s funkcion\u00e1lis teszteket v\u00e9gzek.<\/p><p style=\"text-align: left;\">A hozott leleteit \u00e1ttekintem \u00e9s megbesz\u00e9lj\u00fck, majd ezt k\u00f6vet\u0151en javaslatot adok ter\u00e1pi\u00e1ra \u00e9s \u00e9letm\u00f3dra vonatkoz\u00f3an. Amennyiben az id\u0151nkbe belef\u00e9r sz\u00fcks\u00e9g szerint manu\u00e1lisan v\u00e9gezhet\u0151 kezel\u00e9st v\u00e9gzek az els\u0151 alkalommal.<\/p><\/div>\n\t\t\t\t<\/div>\n\t\t\t\t\t\t\t<div class=\"elementor-toggle-item\">\n\t\t\t\t\t<div id=\"elementor-tab-title-1004\" class=\"elementor-tab-title\" data-tab=\"4\" role=\"button\" aria-controls=\"elementor-tab-content-1004\" aria-expanded=\"false\">\n\t\t\t\t\t\t\t\t\t\t\t\t<span class=\"elementor-toggle-icon elementor-toggle-icon-right\" aria-hidden=\"true\">\n\t\t\t\t\t\t\t\t\t\t\t\t\t\t\t<span class=\"elementor-toggle-icon-closed\"><i class=\"fas fa-caret-right\"><\/i><\/span>\n\t\t\t\t\t\t\t\t<span class=\"elementor-toggle-icon-opened\"><i class=\"elementor-toggle-icon-opened fas fa-caret-up\"><\/i><\/span>\n\t\t\t\t\t\t\t\t\t\t\t\t\t<\/span>\n\t\t\t\t\t\t\t\t\t\t\t\t<a class=\"elementor-toggle-title\" tabindex=\"0\">Milyen fizet\u00e9si lehet\u0151s\u00e9gek vannak?<\/a>\n\t\t\t\t\t<\/div>\n\n\t\t\t\t\t<div id=\"elementor-tab-content-1004\" class=\"elementor-tab-content elementor-clearfix\" data-tab=\"4\" role=\"region\" aria-labelledby=\"elementor-tab-title-1004\"><p style=\"text-align: left;\">Az \u00d6n k\u00e9nyelm\u00e9t szem el\u0151tt tartva \u00d6nnek lehet\u0151s\u00e9ge van k\u00e9szp\u00e9nzes \u00e9s bankk\u00e1rty\u00e1s fizet\u00e9sre egyar\u00e1nt. A fizet\u00e9s a vizsg\u00e1latokat \u00e9s kezel\u00e9seket k\u00f6vet\u0151en t\u00f6rt\u00e9nik (kiv\u00e9tel online konzult\u00e1ci\u00f3), ahol munkat\u00e1rsaink ki\u00e1ll\u00edtj\u00e1k \u00d6nnek a v\u00e9gsz\u00e1ml\u00e1t. \u00c1rainkat minden esetben forintban hat\u00e1roztuk meg.<\/p><p style=\"text-align: left;\">Felh\u00edvjuk figyelm\u00e9t, hogy rendel\u0151nk nem \u00e1ll szerz\u0151d\u00e9ses jogviszonyban az Orsz\u00e1gos Eg\u00e9szs\u00e9gbiztos\u00edt\u00e1si P\u00e9nzt\u00e1rral, ez\u00e9rt OEP t\u00e9r\u00edt\u00e9st nem vesz ig\u00e9nybe.<\/p><\/div>\n\t\t\t\t<\/div>\n\t\t\t\t\t\t\t<div class=\"elementor-toggle-item\">\n\t\t\t\t\t<div id=\"elementor-tab-title-1005\" class=\"elementor-tab-title\" data-tab=\"5\" role=\"button\" aria-controls=\"elementor-tab-content-1005\" aria-expanded=\"false\">\n\t\t\t\t\t\t\t\t\t\t\t\t<span class=\"elementor-toggle-icon elementor-toggle-icon-right\" aria-hidden=\"true\">\n\t\t\t\t\t\t\t\t\t\t\t\t\t\t\t<span class=\"elementor-toggle-icon-closed\"><i class=\"fas fa-caret-right\"><\/i><\/span>\n\t\t\t\t\t\t\t\t<span class=\"elementor-toggle-icon-opened\"><i class=\"elementor-toggle-icon-opened fas fa-caret-up\"><\/i><\/span>\n\t\t\t\t\t\t\t\t\t\t\t\t\t<\/span>\n\t\t\t\t\t\t\t\t\t\t\t\t<a class=\"elementor-toggle-title\" tabindex=\"0\">Mit kell tudni az online konzult\u00e1ci\u00f3r\u00f3l?<\/a>\n\t\t\t\t\t<\/div>\n\n\t\t\t\t\t<div id=\"elementor-tab-content-1005\" class=\"elementor-tab-content elementor-clearfix\" data-tab=\"5\" role=\"region\" aria-labelledby=\"elementor-tab-title-1005\"><p style=\"text-align: left;\">Munkat\u00e1rsaink minden esetben telefonon t\u00e1j\u00e9koztatj\u00e1k \u00d6nt az online konzult\u00e1ci\u00f3hoz sz\u00fcks\u00e9ges technikai felt\u00e9telekr\u0151l, a fizet\u00e9ssel kapcsolatos inform\u00e1ci\u00f3kr\u00f3l \u00e9s az adatkezel\u00e9ssel kapcsolatos tudnival\u00f3kr\u00f3l.<\/p><p style=\"text-align: left;\">K\u00e9rj\u00fck, hogy a kapott instrukci\u00f3k alapj\u00e1n fizesse ki a t\u00e1vkonzult\u00e1ci\u00f3 d\u00edj\u00e1t. A sz\u00e1mla kiegyenl\u00edt\u00e9se ut\u00e1n, az egyeztetett online konzult\u00e1ci\u00f3hoz k\u00f6zeli id\u0151pontban ugyancsak e-mailen k\u00fcldj\u00fck \u00d6nnek az online vizithez sz\u00fcks\u00e9ges bel\u00e9p\u00e9si linket.<\/p><p style=\"text-align: left;\">M\u00e9g a konzult\u00e1ci\u00f3 megkezd\u00e9se el\u0151tt ne felejtse el becsatolni sz\u00e1munkra a legfrissebb leleteit \u00e9s diagnosztikai anyagokat a megadott fel\u00fclet\u00fcnkre. A\u00a0lefoglalt id\u0151pontban k\u00e9rj\u00fck vegyen r\u00e9szt az online konzult\u00e1ci\u00f3n.<\/p><\/div>\n\t\t\t\t<\/div>\n\t\t\t\t\t\t\t\t<\/div>\n\t\t\t\t\t\t<\/div>\n\t\t\t\t<\/div>\n\t\t\t\t\t<\/div>\n\t\t<\/div>\n\t\t\t\t\t<\/div>\n\t\t<\/section>\n\t\t\t\t<section class=\"elementor-section elementor-top-section elementor-element elementor-element-c940e52 elementor-section-boxed elementor-section-height-default elementor-section-height-default\" data-id=\"c940e52\" data-element_type=\"section\" data-e-type=\"section\">\n\t\t\t\t\t\t<div class=\"elementor-container elementor-column-gap-default\">\n\t\t\t\t\t<div class=\"elementor-column elementor-col-100 elementor-top-column elementor-element elementor-element-fd15474\" data-id=\"fd15474\" data-element_type=\"column\" data-e-type=\"column\">\n\t\t\t<div class=\"elementor-widget-wrap elementor-element-populated\">\n\t\t\t\t\t\t<div class=\"elementor-element elementor-element-a7e0897 elementor-widget elementor-widget-text-editor\" data-id=\"a7e0897\" data-element_type=\"widget\" data-e-type=\"widget\" data-widget_type=\"text-editor.default\">\n\t\t\t\t<div class=\"elementor-widget-container\">\n\t\t\t\t\t\t\t\t\t<p>P\u00e1pa, 2021. m\u00e1rcius 1.<\/p><p><strong>Szerz\u0151: <em>Moln\u00e1r Katalin gy\u00f3gytorn\u00e1sz &#8211; fizioterapeuta<\/em><\/strong><\/p>\t\t\t\t\t\t\t\t<\/div>\n\t\t\t\t<\/div>\n\t\t\t\t\t<\/div>\n\t\t<\/div>\n\t\t\t\t\t<\/div>\n\t\t<\/section>\n\t\t\t\t<\/div>","protected":false},"excerpt":{"rendered":"<p>Gyakran ism\u00e9telt k\u00e9rd\u00e9sek Parkol\u00e1s \u00e9s megk\u00f6zel\u00edthet\u0151s\u00e9g Betegeink sz\u00e1m\u00e1ra az \u00e9p\u00fclet el\u0151tt biztos\u00edtjuk a parkol\u00e1st, amely d\u00edjmentes \u00f6vezet. Tisztelettel k\u00e9rj\u00fck \u00d6n\u00f6ket, hogy a bej\u00e1rati kapu el\u0151tti teret hagyj\u00e1k mindig szabadon. Amennyiben mozg\u00e1s\u00e1ban korl\u00e1tozott szem\u00e9ly \u00e9rkezik hozz\u00e1nk, k\u00e9rj\u00fck jelezz\u00e9k fel\u00e9nk, ebben az esetben beengedj\u00fck \u00d6n\u00f6ket az udvarba a kezel\u00e9s idej\u00e9re. A Vas\u00fat\u00e1llom\u00e1st\u00f3l \u00e9s az Aut\u00f3buszp\u00e1lyaudvart\u00f3l gyalogosan k\u00f6nnyen &#8230; <a title=\"Gyakran ism\u00e9telt k\u00e9rd\u00e9sek\" class=\"read-more\" href=\"https:\/\/piriformismed.hu\/en\/hasznos-tudnivalok\/gyakran-ismetelt-kerdesek\/\" aria-label=\"More on Gyakran ism\u00e9telt k\u00e9rd\u00e9sek\">Read more<\/a><\/p>","protected":false},"author":3,"featured_media":0,"parent":287,"menu_order":0,"comment_status":"closed","ping_status":"closed","template":"elementor_header_footer","meta":{"_seopress_robots_primary_cat":"","_seopress_titles_title":"","_seopress_titles_desc":"","_seopress_robots_index":"","footnotes":""},"class_list":["post-2817","page","type-page","status-publish"],"_links":{"self":[{"href":"https:\/\/piriformismed.hu\/en\/wp-json\/wp\/v2\/pages\/2817","targetHints":{"allow":["GET"]}}],"collection":[{"href":"https:\/\/piriformismed.hu\/en\/wp-json\/wp\/v2\/pages"}],"about":[{"href":"https:\/\/piriformismed.hu\/en\/wp-json\/wp\/v2\/types\/page"}],"author":[{"embeddable":true,"href":"https:\/\/piriformismed.hu\/en\/wp-json\/wp\/v2\/users\/3"}],"replies":[{"embeddable":true,"href":"https:\/\/piriformismed.hu\/en\/wp-json\/wp\/v2\/comments?post=2817"}],"version-history":[{"count":70,"href":"https:\/\/piriformismed.hu\/en\/wp-json\/wp\/v2\/pages\/2817\/revisions"}],"predecessor-version":[{"id":4916,"href":"https:\/\/piriformismed.hu\/en\/wp-json\/wp\/v2\/pages\/2817\/revisions\/4916"}],"up":[{"embeddable":true,"href":"https:\/\/piriformismed.hu\/en\/wp-json\/wp\/v2\/pages\/287"}],"wp:attachment":[{"href":"https:\/\/piriformismed.hu\/en\/wp-json\/wp\/v2\/media?parent=2817"}],"curies":[{"name":"wp","href":"https:\/\/api.w.org\/{rel}","templated":true}]}}