{"id":293,"date":"2022-05-26T12:48:49","date_gmt":"2022-05-26T12:48:49","guid":{"rendered":"https:\/\/piriformismed.hu\/?page_id=293"},"modified":"2022-10-13T08:39:26","modified_gmt":"2022-10-13T08:39:26","slug":"hazirend","status":"publish","type":"page","link":"https:\/\/piriformismed.hu\/en\/hasznos-tudnivalok\/hazirend\/","title":{"rendered":"H\u00e1zirend"},"content":{"rendered":"<div data-elementor-type=\"wp-page\" data-elementor-id=\"293\" class=\"elementor elementor-293\" data-elementor-post-type=\"page\">\n\t\t\t\t\t\t<section class=\"elementor-section elementor-top-section elementor-element elementor-element-58ad8fea elementor-section-boxed elementor-section-height-default elementor-section-height-default\" data-id=\"58ad8fea\" data-element_type=\"section\" data-e-type=\"section\" data-settings=\"{&quot;background_background&quot;:&quot;classic&quot;,&quot;shape_divider_bottom&quot;:&quot;mountains&quot;}\">\n\t\t\t\t\t<div class=\"elementor-shape elementor-shape-bottom\" aria-hidden=\"true\" data-negative=\"false\">\n\t\t\t<svg xmlns=\"http:\/\/www.w3.org\/2000\/svg\" viewbox=\"0 0 1000 100\" preserveaspectratio=\"none\">\n\t<path class=\"elementor-shape-fill\" opacity=\"0.33\" d=\"M473,67.3c-203.9,88.3-263.1-34-320.3,0C66,119.1,0,59.7,0,59.7V0h1000v59.7 c0,0-62.1,26.1-94.9,29.3c-32.8,3.3-62.8-12.3-75.8-22.1C806,49.6,745.3,8.7,694.9,4.7S492.4,59,473,67.3z\"\/>\n\t<path class=\"elementor-shape-fill\" opacity=\"0.66\" d=\"M734,67.3c-45.5,0-77.2-23.2-129.1-39.1c-28.6-8.7-150.3-10.1-254,39.1 s-91.7-34.4-149.2,0C115.7,118.3,0,39.8,0,39.8V0h1000v36.5c0,0-28.2-18.5-92.1-18.5C810.2,18.1,775.7,67.3,734,67.3z\"\/>\n\t<path class=\"elementor-shape-fill\" d=\"M766.1,28.9c-200-57.5-266,65.5-395.1,19.5C242,1.8,242,5.4,184.8,20.6C128,35.8,132.3,44.9,89.9,52.5C28.6,63.7,0,0,0,0 h1000c0,0-9.9,40.9-83.6,48.1S829.6,47,766.1,28.9z\"\/>\n<\/svg>\t\t<\/div>\n\t\t\t\t\t<div class=\"elementor-container elementor-column-gap-no\">\n\t\t\t\t\t<div class=\"elementor-column elementor-col-100 elementor-top-column elementor-element elementor-element-53bd6562\" data-id=\"53bd6562\" data-element_type=\"column\" data-e-type=\"column\">\n\t\t\t<div class=\"elementor-widget-wrap elementor-element-populated\">\n\t\t\t\t\t\t<div class=\"elementor-element elementor-element-ca468f7 elementor-widget__width-initial elementor-absolute elementor-view-default elementor-widget elementor-widget-icon\" data-id=\"ca468f7\" data-element_type=\"widget\" data-e-type=\"widget\" data-settings=\"{&quot;motion_fx_motion_fx_mouse&quot;:&quot;yes&quot;,&quot;motion_fx_mouseTrack_effect&quot;:&quot;yes&quot;,&quot;motion_fx_mouseTrack_direction&quot;:&quot;negative&quot;,&quot;motion_fx_mouseTrack_speed&quot;:{&quot;unit&quot;:&quot;px&quot;,&quot;size&quot;:0.7,&quot;sizes&quot;:[]},&quot;_position&quot;:&quot;absolute&quot;}\" data-widget_type=\"icon.default\">\n\t\t\t\t<div class=\"elementor-widget-container\">\n\t\t\t\t\t\t\t<div class=\"elementor-icon-wrapper\">\n\t\t\t<div class=\"elementor-icon\">\n\t\t\t\t\t\t<\/div>\n\t\t<\/div>\n\t\t\t\t\t\t<\/div>\n\t\t\t\t<\/div>\n\t\t\t\t<div class=\"elementor-element elementor-element-3050cf27 elementor-widget__width-initial elementor-absolute elementor-hidden-phone elementor-view-default elementor-widget elementor-widget-icon\" data-id=\"3050cf27\" data-element_type=\"widget\" data-e-type=\"widget\" data-settings=\"{&quot;motion_fx_motion_fx_mouse&quot;:&quot;yes&quot;,&quot;motion_fx_mouseTrack_effect&quot;:&quot;yes&quot;,&quot;motion_fx_mouseTrack_direction&quot;:&quot;negative&quot;,&quot;motion_fx_mouseTrack_speed&quot;:{&quot;unit&quot;:&quot;px&quot;,&quot;size&quot;:0.8,&quot;sizes&quot;:[]},&quot;_position&quot;:&quot;absolute&quot;}\" data-widget_type=\"icon.default\">\n\t\t\t\t<div class=\"elementor-widget-container\">\n\t\t\t\t\t\t\t<div class=\"elementor-icon-wrapper\">\n\t\t\t<div class=\"elementor-icon\">\n\t\t\t\t\t\t<\/div>\n\t\t<\/div>\n\t\t\t\t\t\t<\/div>\n\t\t\t\t<\/div>\n\t\t\t\t<div class=\"elementor-element elementor-element-66895e3e elementor-widget__width-initial elementor-absolute elementor-hidden-tablet elementor-hidden-phone elementor-view-default elementor-widget elementor-widget-icon\" data-id=\"66895e3e\" data-element_type=\"widget\" data-e-type=\"widget\" data-settings=\"{&quot;motion_fx_motion_fx_mouse&quot;:&quot;yes&quot;,&quot;motion_fx_mouseTrack_effect&quot;:&quot;yes&quot;,&quot;motion_fx_mouseTrack_speed&quot;:{&quot;unit&quot;:&quot;px&quot;,&quot;size&quot;:0.4,&quot;sizes&quot;:[]},&quot;_position&quot;:&quot;absolute&quot;}\" data-widget_type=\"icon.default\">\n\t\t\t\t<div class=\"elementor-widget-container\">\n\t\t\t\t\t\t\t<div class=\"elementor-icon-wrapper\">\n\t\t\t<div class=\"elementor-icon\">\n\t\t\t\t\t\t<\/div>\n\t\t<\/div>\n\t\t\t\t\t\t<\/div>\n\t\t\t\t<\/div>\n\t\t\t\t<div class=\"elementor-element elementor-element-6a54aefc elementor-widget__width-initial elementor-absolute elementor-view-default elementor-widget elementor-widget-icon\" data-id=\"6a54aefc\" data-element_type=\"widget\" data-e-type=\"widget\" data-settings=\"{&quot;motion_fx_motion_fx_mouse&quot;:&quot;yes&quot;,&quot;motion_fx_mouseTrack_effect&quot;:&quot;yes&quot;,&quot;motion_fx_mouseTrack_speed&quot;:{&quot;unit&quot;:&quot;px&quot;,&quot;size&quot;:0.4,&quot;sizes&quot;:[]},&quot;_position&quot;:&quot;absolute&quot;}\" data-widget_type=\"icon.default\">\n\t\t\t\t<div class=\"elementor-widget-container\">\n\t\t\t\t\t\t\t<div class=\"elementor-icon-wrapper\">\n\t\t\t<div class=\"elementor-icon\">\n\t\t\t\t\t\t<\/div>\n\t\t<\/div>\n\t\t\t\t\t\t<\/div>\n\t\t\t\t<\/div>\n\t\t\t\t<div class=\"elementor-element elementor-element-3de1b563 elementor-widget elementor-widget-heading\" data-id=\"3de1b563\" data-element_type=\"widget\" data-e-type=\"widget\" data-widget_type=\"heading.default\">\n\t\t\t\t<div class=\"elementor-widget-container\">\n\t\t\t\t\t<h1 class=\"elementor-heading-title elementor-size-default\">H\u00e1zirend<\/h1>\t\t\t\t<\/div>\n\t\t\t\t<\/div>\n\t\t\t\t\t<\/div>\n\t\t<\/div>\n\t\t\t\t\t<\/div>\n\t\t<\/section>\n\t\t\t\t<section class=\"elementor-section elementor-top-section elementor-element elementor-element-440f2976 elementor-section-boxed elementor-section-height-default elementor-section-height-default\" data-id=\"440f2976\" data-element_type=\"section\" data-e-type=\"section\">\n\t\t\t\t\t\t<div class=\"elementor-container elementor-column-gap-no\">\n\t\t\t\t\t<div class=\"elementor-column elementor-col-100 elementor-top-column elementor-element elementor-element-4acc835f\" data-id=\"4acc835f\" data-element_type=\"column\" data-e-type=\"column\">\n\t\t\t<div class=\"elementor-widget-wrap elementor-element-populated\">\n\t\t\t\t\t\t<div class=\"elementor-element elementor-element-a7725fe elementor-widget-divider--view-line_icon elementor-widget-divider--separator-type-pattern elementor-view-default elementor-widget-divider--element-align-center elementor-widget elementor-widget-divider\" data-id=\"a7725fe\" data-element_type=\"widget\" data-e-type=\"widget\" data-widget_type=\"divider.default\">\n\t\t\t\t<div class=\"elementor-widget-container\">\n\t\t\t\t\t\t\t<div class=\"elementor-divider\" style=\"--divider-pattern-url: url(&quot;data:image\/svg+xml,%3Csvg xmlns=&#039;http:\/\/www.w3.org\/2000\/svg&#039; preserveAspectRatio=&#039;none&#039; overflow=&#039;visible&#039; height=&#039;100%&#039; viewBox=&#039;0 0 24 24&#039; fill=&#039;none&#039; stroke=&#039;black&#039; stroke-width=&#039;3&#039; stroke-linecap=&#039;square&#039; stroke-miterlimit=&#039;10&#039;%3E%3Cpolyline points=&#039;0,18 12,6 24,18 &#039;\/%3E%3C\/svg%3E&quot;);\">\n\t\t\t<span class=\"elementor-divider-separator\">\n\t\t\t\t\t\t\t<div class=\"elementor-icon elementor-divider__element\">\n\t\t\t\t\t<i aria-hidden=\"true\" class=\"fas fa-running\"><\/i><\/div>\n\t\t\t\t\t\t<\/span>\n\t\t<\/div>\n\t\t\t\t\t\t<\/div>\n\t\t\t\t<\/div>\n\t\t\t\t<div class=\"elementor-element elementor-element-1b07af4 elementor-widget elementor-widget-text-editor\" data-id=\"1b07af4\" data-element_type=\"widget\" data-e-type=\"widget\" data-widget_type=\"text-editor.default\">\n\t\t\t\t<div class=\"elementor-widget-container\">\n\t\t\t\t\t\t\t\t\t<p><strong><em>Tisztelettel k\u00e9r\u00fcnk minden \u00c9rdekl\u0151d\u0151t \u00e9s P\u00e1cienst a h\u00e1zirend tanulm\u00e1nyoz\u00e1s\u00e1ra \u00e9s el\u0151zetes tudom\u00e1sul v\u00e9tel\u00e9re!<\/em><\/strong><\/p><p><span style=\"font-weight: 400;\">\u00a0<\/span><\/p><p><strong>1. Bejelentkez\u00e9s<\/strong><\/p><ul><li><span style=\"font-weight: 400;\">Mozg\u00e1sszervi rendel\u0151nkben komplex gy\u00f3gytorna-fizioter\u00e1pia foglalkoz\u00e1sok keret\u00e9ben p\u00e1cienseink a klasszikus gy\u00f3gytorn\u00e1t\u00f3l a modern rehabilit\u00e1ci\u00f3s szolg\u00e1ltat\u00e1sokig bez\u00e1r\u00f3lag r\u00e9szes\u00fclhetnek \u00f6sszetett rehabilit\u00e1ci\u00f3ban, ahol kiemelt szerepet j\u00e1tszik a szakorvosi r\u00e9szv\u00e9tel (online vagy szem\u00e9lyesen) \u00e9s a gy\u00f3gytorna tev\u00e9kenys\u00e9g.<\/span><\/li><li><span style=\"font-weight: 400;\">A gy\u00f3gytorna rendel\u0151 kezel\u00e9seit kiz\u00e1r\u00f3lag <em>el\u0151zetes bejelentkez\u00e9s \u00e9s id\u0151pontfoglal\u00e1s megl\u00e9te eset\u00e9n <\/em>lehet ig\u00e9nybe venni.<\/span><\/li><li><span style=\"font-weight: 400;\">Gy\u00f3gytorna kezel\u00e9sre \u00e9s vizsg\u00e1latra <em>id\u0151pontot egyeztetni h\u00e9tf\u0151t\u0151l-p\u00e9ntekig, munkanapokon 08.00-19.00h k\u00f6z\u00f6tt lehet<\/em>\u00a0a rendel\u0151 telefonos el\u00e9rhet\u0151s\u00e9g\u00e9n.<\/span><\/li><li><span style=\"font-weight: 400;\"><em>A kezel\u00e9sek ideje alatt \u00e9rkez\u0151 telefonos megkeres\u00e9seket sajnos nem tudjuk fogadni<\/em>, de amint id\u0151nk engedi, visszah\u00edvjuk \u00d6n\u00f6ket!<\/span><\/li><li><span style=\"font-weight: 400;\">Az adatv\u00e9delemre vonatkoz\u00f3 szab\u00e1lyoz\u00e1s, illetve a szem\u00e9lyes- \u00e9s az eg\u00e9szs\u00e9g\u00fcgyileg \u00e9rz\u00e9keny adatok miatt <em>az al\u00e1bbi fel\u00fcleteken felvett kapcsolat sor\u00e1n id\u0151pont egyeztet\u00e9sre sajnos nincsen lehet\u0151s\u00e9g: Facebook, Messenger, Instagram, Viber, SMS<\/em>. Id\u0151pontot kezel\u00e9sekre kiz\u00e1r\u00f3lag csak szem\u00e9lyesen vagy telefonos megkeres\u00e9s ut\u00e1n tudunk biztos\u00edtani!<\/span><\/li><\/ul><p><span style=\"font-weight: 400;\">\u00a0<\/span><\/p><p><strong>2. \u00c9rkez\u00e9s, fogad\u00e1s, kezel\u00e9s<\/strong><\/p><ul><li><span style=\"font-weight: 400;\">Amennyiben gy\u00f3gytorna kezel\u00e9sre \u00e9rkezik, a tisztas\u00e1g meg\u00f3v\u00e1sa \u00e9rdek\u00e9ben <em>k\u00e9rj\u00fck az utcai cip\u0151t az erre a c\u00e9lra kialak\u00edtott helyen elhelyezni \u00e9s a kik\u00e9sz\u00edtett vend\u00e9gpapucsokat haszn\u00e1lni<\/em>. Jelen int\u00e9zked\u00e9s minden kedves vend\u00e9g\u00fcnkre vonatkozik, bele\u00e9rtve a beteget k\u00eds\u00e9r\u0151 szem\u00e9lyeket is! <em>A higi\u00e9nia betart\u00e1sa \u00e9rdek\u00e9ben a zokni visel\u00e9se mindig k\u00f6telez\u0151!<\/em><\/span><\/li><li><span style=\"font-weight: 400;\">A kezel\u0151helyis\u00e9gben tal\u00e1lhat\u00f3 \u00f6lt\u00f6z\u0151f\u00fclk\u00e9ben lehet\u0151s\u00e9g van \u00e1t\u00f6lt\u00f6zni a ter\u00e1pi\u00e1hoz. K\u00e9rj\u00fck, hogy utcai cip\u0151ben az \u00f6lt\u00f6z\u0151be se l\u00e9pjenek be! <em>Az \u00f6lt\u00f6z\u0151ben hagyott \u00e9rt\u00e9kek\u00e9rt \u00e9s szem\u00e9lyes t\u00e1rgyak\u00e9rt felel\u0151ss\u00e9get nem tudunk v\u00e1llalni<\/em>, \u00edgy azokat k\u00e9rj\u00fck ne hagyj\u00e1k fel\u00fcgyelet n\u00e9lk\u00fcl.<\/span><\/li><li><span style=\"font-weight: 400;\">A gy\u00f3gytorna vizsg\u00e1latra vagy kezel\u00e9sre lefoglalt id\u0151pontokra k\u00e9r\u00fcnk minden kedves vend\u00e9g\u00fcnket maximum 10 perccel a kezel\u00e9si id\u0151pont el\u0151tt \u00e9rkezni, hogy a v\u00e1r\u00f3 t\u00falzs\u00fafolts\u00e1ga elker\u00fclhet\u0151 legyen. <em>A kezel\u00e9sre \u00e9rkez\u0151 p\u00e1cienseinket n\u00e9v szerint sz\u00f3l\u00edtjuk<\/em> a megbesz\u00e9lt id\u0151pontban.\u00a0<\/span><\/li><li><span style=\"font-weight: 400;\"><em>Gy\u00f3gytorna rendel\u0151nk eg\u00e9sz ter\u00fclete doh\u00e1nyz\u00e1smentes ter\u00fclet<\/em>, bele\u00e9rtve a nyitott udvari r\u00e9szt is, doh\u00e1nyz\u00f3 vend\u00e9geink meg\u00e9rt\u00e9s\u00e9t \u00e9s k\u00e9r\u00e9s\u00fcnk tiszteletben tart\u00e1s\u00e1t ez\u00faton is k\u00f6sz\u00f6nj\u00fck!<\/span><\/li><li><span style=\"font-weight: 400;\">A 18 \u00e9ven aluli gyermeket k\u00eds\u00e9r\u0151 sz\u00fcl\u0151 vagy hozz\u00e1tartoz\u00f3 jelenl\u00e9te a vizsg\u00e1lat \u00e9s kezel\u00e9s ideje alatt a kezel\u0151helyis\u00e9gben megengedett. <\/span><span style=\"font-weight: 400;\"><em>A p\u00e1cienssel egy\u00fctt a vizsg\u00e1laton \u00e9s a kezel\u00e9seken maximum 1 k\u00eds\u00e9r\u0151 vehet r\u00e9szt<\/em>, a kezel\u00e9s zavartalans\u00e1ga \u00e9rdek\u00e9ben.\u00a0<\/span><\/li><\/ul><p><em><span style=\"font-weight: 400;\">Az els\u0151 konzult\u00e1ci\u00f3ra \u00e9s vizsg\u00e1latra k\u00e9rj\u00fck hozza mag\u00e1val az al\u00e1bbiakat:<\/span><\/em><\/p><ul><li><span style=\"font-weight: 400;\">ambul\u00e1ns lap vagy k\u00f3rh\u00e1zi z\u00e1r\u00f3jelent\u00e9s,<\/span><\/li><li><span style=\"font-weight: 400;\">k\u00e9palkot\u00f3 diagnosztikai (MRI, CT, RTG) leletek,<\/span><\/li><li><span style=\"font-weight: 400;\">vizsg\u00e1lathoz v\u00e1lt\u00f3ruha, amely k\u00e9nyelmes, laza viselet,<\/span><\/li><li><span style=\"font-weight: 400;\">a kezel\u00e9shez laza sportruh\u00e1zat (hossz\u00fa haj\u00fa h\u00f6lgyvend\u00e9gek eset\u00e9n a haj \u00f6sszek\u00f6t\u00e9s\u00e9re szolg\u00e1l\u00f3 hajgumi),<\/span><\/li><li><span style=\"font-weight: 400;\">zokni minden alkalomra, a terapeuta k\u00fcl\u00f6n jelz\u00e9se eset\u00e9n teremcip\u0151 (ami nem utcai vagy fut\u00f3cip\u0151t jelent).<\/span><\/li><\/ul><p><span style=\"font-weight: 400;\">\u00a0<\/span><\/p><p><strong>3. K\u00e9s\u00e9s, lemond\u00e1s<\/strong><\/p><ul><li><span style=\"font-weight: 400;\">Az egy\u00e9ni kezel\u00e9s id\u0151intervallum\u00e1ban el\u0151fordul\u00f3 k\u00e9sedelmes \u00e9rkez\u00e9s eset\u00e9n <em>a kezel\u00e9st nem \u00e1ll m\u00f3dunkban ar\u00e1nyosan hosszabb\u00edtani<\/em> a tov\u00e1bbi cs\u00fasz\u00e1s elker\u00fcl\u00e9se \u00e9rdek\u00e9ben.<\/span><\/li><li><span style=\"font-weight: 400;\"><strong><em>Az el\u0151re befoglalt id\u0151pontokat, az aktualit\u00e1suk el\u0151tt 24 \u00f3r\u00e1val van lehet\u0151s\u00e9g d\u00edjmentesen lemondani!<\/em><\/strong> <strong>A kezel\u00e9s napj\u00e1n t\u00f6rt\u00e9n\u0151 visszamond\u00e1s, illetve elmulasztott visszamond\u00e1s eset\u00e9n <em>a k\u00f6vetkez\u0151 tal\u00e1lkoz\u00f3 alkalm\u00e1val a kezel\u00e9s teljes \u00e1r\u00e1t ki kell fizetni.<\/em><\/strong><\/span><\/li><li><span style=\"font-weight: 400;\">Amennyiben a heti rendszeress\u00e9ggel foglalt id\u0151pontokon, jelz\u00e9s n\u00e9lk\u00fcl, k\u00e9t egym\u00e1st k\u00f6vet\u0151 alkalommal nem jelenik meg az id\u0151pontot befoglal\u00f3, akkor azt k\u00f6vet\u0151 id\u0151pontj\u00e1t k\u00fcl\u00f6n indokl\u00e1s n\u00e9lk\u00fcl kiadjuk m\u00e1s \u00e9rdekl\u0151d\u0151nek.<\/span><\/li><\/ul><p><span style=\"font-weight: 400;\">\u00a0<\/span><\/p><p><strong>4. Egy\u00e9b rendelkez\u00e9sek<\/strong><\/p><ul><li><span style=\"font-weight: 400;\">A p\u00e1ciensek a rendel\u0151 ter\u00fclet\u00e9n olyan magatart\u00e1st k\u00f6telesek tan\u00fas\u00edtani, amellyel sem betegt\u00e1rsaikat, sem a rendel\u00e9st, illetve a kezel\u00e9seket nem zavarj\u00e1k.<\/span><\/li><li><span style=\"font-weight: 400;\">A rendel\u0151ben, a kezel\u0151ben illetve a kezel\u00e9sek alatt <em>vide\u00f3felv\u00e9tel \u00e9s f\u00e9nyk\u00e9p a Rendel\u0151 vezet\u0151i enged\u00e9lye n\u00e9lk\u00fcl nem k\u00e9sz\u00fclhet<\/em>.<\/span><\/li><li><span style=\"font-weight: 400;\">Felh\u00edvjuk tisztelt figyelm\u00fcket, hogy <em>rendel\u0151nk szakemberei h\u00e1zhoz kij\u00e1r\u00e1st nem v\u00e1llalnak<\/em>, kiz\u00e1r\u00f3lag a rendel\u0151ben fogadj\u00e1k a p\u00e1cienseket.<\/span><\/li><li><span style=\"font-weight: 400;\">A rendel\u0151ben<\/span><span style=\"font-weight: 400;\">\u00a0a rendre, tisztas\u00e1gra, berendez\u00e9sre minden ott tart\u00f3zkod\u00f3nak \u00fcgyelnie kell.<\/span><\/li><li><span style=\"font-weight: 400;\"><em>A rendel\u0151ben tal\u00e1lhat\u00f3 eszk\u00f6z\u00f6k kiz\u00e1r\u00f3lag az int\u00e9zet dolgoz\u00f3inak \u00fatmutat\u00e1sa alapj\u00e1n \u00e9s fel\u00fcgyelet\u00fck alatt haszn\u00e1lhat\u00f3k<\/em>. Az eszk\u00f6z\u00f6k nem rendeltet\u00e9sszer\u0171 haszn\u00e1lata sor\u00e1n bek\u00f6vetkezett esetleges k\u00e1rok\u00e9rt, s\u00e9r\u00fcl\u00e9sek\u00e9rt a rendel\u0151 vezet\u0151s\u00e9ge nem v\u00e1llal felel\u0151ss\u00e9get. A rendel\u0151ben \u00e9s az eszk\u00f6z\u00f6kben okozott k\u00e1rok\u00e9rt a k\u00e1rokoz\u00f3 tartozik felel\u0151ss\u00e9ggel.<\/span><\/li><li><span style=\"font-weight: 400;\">Rendel\u0151nk a kezelt vend\u00e9gekr\u0151l adatnyilv\u00e1ntart\u00e1st vezet, mely adatokat harmadik f\u00e9l sz\u00e1m\u00e1ra semmilyen esetben nem ad ki.<\/span><\/li><li><span style=\"font-weight: 400;\">A h\u00e1zirend szab\u00e1lyainak megszeg\u00e9se eset\u00e9n a szab\u00e1lytalans\u00e1g elk\u00f6vet\u0151je azonnal elt\u00e1vol\u00edthat\u00f3 a rendel\u0151 ter\u00fclet\u00e9r\u0151l. <em>A szab\u00e1lytalans\u00e1g miatt megszak\u00edtott vagy elmaradt kezel\u00e9s teljes d\u00edj\u00e1t felsz\u00e1moljuk.<\/em><\/span><\/li><\/ul><p><span style=\"font-weight: 400;\">A Rendel\u0151 b\u00e1rmely szolg\u00e1ltat\u00e1s\u00e1nak ig\u00e9nybev\u00e9tele a H\u00e1zirend egyidej\u0171 elfogad\u00e1s\u00e1t is jelenti. <\/span><span style=\"font-weight: 400;\">K\u00e9rj\u00fck, a H\u00e1zirend \u00f6sszes vonatkoz\u00f3 pontj\u00e1t saj\u00e1t \u00e9s mindannyiunk \u00e9rdek\u00e9ben sz\u00edveskedjenek betartani! <\/span><\/p><p><em>Meg\u00e9rt\u00e9s\u00fcket \u00e9s egy\u00fcttm\u0171k\u00f6d\u00e9s\u00fcket tisztelettel k\u00f6sz\u00f6nj\u00fck!<\/em><\/p><p><span style=\"font-weight: 400;\">P\u00e1pa, 2021. m\u00e1rcius 1.<\/span><\/p><p><strong>Szerz\u0151: <em>Moln\u00e1r Katalin gy\u00f3gytorn\u00e1sz &#8211; fizioterapeuta<\/em><\/strong><\/p><p style=\"margin: 0cm; margin-bottom: .0001pt; text-align: justify; background: white;\">\u00a0<\/p>\t\t\t\t\t\t\t\t<\/div>\n\t\t\t\t<\/div>\n\t\t\t\t\t<\/div>\n\t\t<\/div>\n\t\t\t\t\t<\/div>\n\t\t<\/section>\n\t\t\t\t<\/div>","protected":false},"excerpt":{"rendered":"<p>H\u00e1zirend Tisztelettel k\u00e9r\u00fcnk minden \u00c9rdekl\u0151d\u0151t \u00e9s P\u00e1cienst a h\u00e1zirend tanulm\u00e1nyoz\u00e1s\u00e1ra \u00e9s el\u0151zetes tudom\u00e1sul v\u00e9tel\u00e9re! \u00a0 1. Bejelentkez\u00e9s Mozg\u00e1sszervi rendel\u0151nkben komplex gy\u00f3gytorna-fizioter\u00e1pia foglalkoz\u00e1sok keret\u00e9ben p\u00e1cienseink a klasszikus gy\u00f3gytorn\u00e1t\u00f3l a modern rehabilit\u00e1ci\u00f3s szolg\u00e1ltat\u00e1sokig bez\u00e1r\u00f3lag r\u00e9szes\u00fclhetnek \u00f6sszetett rehabilit\u00e1ci\u00f3ban, ahol kiemelt szerepet j\u00e1tszik a szakorvosi r\u00e9szv\u00e9tel (online vagy szem\u00e9lyesen) \u00e9s a gy\u00f3gytorna tev\u00e9kenys\u00e9g. A gy\u00f3gytorna rendel\u0151 kezel\u00e9seit kiz\u00e1r\u00f3lag el\u0151zetes &#8230; <a title=\"H\u00e1zirend\" class=\"read-more\" href=\"https:\/\/piriformismed.hu\/en\/hasznos-tudnivalok\/hazirend\/\" aria-label=\"More on H\u00e1zirend\">Read more<\/a><\/p>","protected":false},"author":3,"featured_media":0,"parent":287,"menu_order":0,"comment_status":"closed","ping_status":"closed","template":"elementor_header_footer","meta":{"_seopress_robots_primary_cat":"","_seopress_titles_title":"","_seopress_titles_desc":"","_seopress_robots_index":"","footnotes":""},"class_list":["post-293","page","type-page","status-publish"],"_links":{"self":[{"href":"https:\/\/piriformismed.hu\/en\/wp-json\/wp\/v2\/pages\/293","targetHints":{"allow":["GET"]}}],"collection":[{"href":"https:\/\/piriformismed.hu\/en\/wp-json\/wp\/v2\/pages"}],"about":[{"href":"https:\/\/piriformismed.hu\/en\/wp-json\/wp\/v2\/types\/page"}],"author":[{"embeddable":true,"href":"https:\/\/piriformismed.hu\/en\/wp-json\/wp\/v2\/users\/3"}],"replies":[{"embeddable":true,"href":"https:\/\/piriformismed.hu\/en\/wp-json\/wp\/v2\/comments?post=293"}],"version-history":[{"count":9,"href":"https:\/\/piriformismed.hu\/en\/wp-json\/wp\/v2\/pages\/293\/revisions"}],"predecessor-version":[{"id":3534,"href":"https:\/\/piriformismed.hu\/en\/wp-json\/wp\/v2\/pages\/293\/revisions\/3534"}],"up":[{"embeddable":true,"href":"https:\/\/piriformismed.hu\/en\/wp-json\/wp\/v2\/pages\/287"}],"wp:attachment":[{"href":"https:\/\/piriformismed.hu\/en\/wp-json\/wp\/v2\/media?parent=293"}],"curies":[{"name":"wp","href":"https:\/\/api.w.org\/{rel}","templated":true}]}}