{"id":359,"date":"2022-06-24T09:41:58","date_gmt":"2022-06-24T09:41:58","guid":{"rendered":"https:\/\/piriformismed.hu\/?page_id=359"},"modified":"2022-10-22T11:02:06","modified_gmt":"2022-10-22T11:02:06","slug":"visible-body-es-physitrack","status":"publish","type":"page","link":"https:\/\/piriformismed.hu\/en\/hasznos-tudnivalok\/visible-body-es-physitrack\/","title":{"rendered":"A Visible Body &#038; Physitrack program haszn\u00e1lata"},"content":{"rendered":"<div data-elementor-type=\"wp-page\" data-elementor-id=\"359\" class=\"elementor elementor-359\" data-elementor-post-type=\"page\">\n\t\t\t\t\t\t<section class=\"elementor-section elementor-top-section elementor-element elementor-element-1994f0d7 elementor-section-boxed elementor-section-height-default elementor-section-height-default\" data-id=\"1994f0d7\" data-element_type=\"section\" data-e-type=\"section\" data-settings=\"{&quot;background_background&quot;:&quot;classic&quot;,&quot;shape_divider_bottom&quot;:&quot;mountains&quot;}\">\n\t\t\t\t\t<div class=\"elementor-shape elementor-shape-bottom\" aria-hidden=\"true\" data-negative=\"false\">\n\t\t\t<svg xmlns=\"http:\/\/www.w3.org\/2000\/svg\" viewbox=\"0 0 1000 100\" preserveaspectratio=\"none\">\n\t<path class=\"elementor-shape-fill\" opacity=\"0.33\" d=\"M473,67.3c-203.9,88.3-263.1-34-320.3,0C66,119.1,0,59.7,0,59.7V0h1000v59.7 c0,0-62.1,26.1-94.9,29.3c-32.8,3.3-62.8-12.3-75.8-22.1C806,49.6,745.3,8.7,694.9,4.7S492.4,59,473,67.3z\"\/>\n\t<path class=\"elementor-shape-fill\" opacity=\"0.66\" d=\"M734,67.3c-45.5,0-77.2-23.2-129.1-39.1c-28.6-8.7-150.3-10.1-254,39.1 s-91.7-34.4-149.2,0C115.7,118.3,0,39.8,0,39.8V0h1000v36.5c0,0-28.2-18.5-92.1-18.5C810.2,18.1,775.7,67.3,734,67.3z\"\/>\n\t<path class=\"elementor-shape-fill\" d=\"M766.1,28.9c-200-57.5-266,65.5-395.1,19.5C242,1.8,242,5.4,184.8,20.6C128,35.8,132.3,44.9,89.9,52.5C28.6,63.7,0,0,0,0 h1000c0,0-9.9,40.9-83.6,48.1S829.6,47,766.1,28.9z\"\/>\n<\/svg>\t\t<\/div>\n\t\t\t\t\t<div class=\"elementor-container elementor-column-gap-no\">\n\t\t\t\t\t<div class=\"elementor-column elementor-col-100 elementor-top-column elementor-element elementor-element-4c796090\" data-id=\"4c796090\" data-element_type=\"column\" data-e-type=\"column\">\n\t\t\t<div class=\"elementor-widget-wrap elementor-element-populated\">\n\t\t\t\t\t\t<div class=\"elementor-element elementor-element-2eaee672 elementor-widget__width-initial elementor-absolute elementor-view-default elementor-widget elementor-widget-icon\" data-id=\"2eaee672\" data-element_type=\"widget\" data-e-type=\"widget\" data-settings=\"{&quot;motion_fx_motion_fx_mouse&quot;:&quot;yes&quot;,&quot;motion_fx_mouseTrack_effect&quot;:&quot;yes&quot;,&quot;motion_fx_mouseTrack_direction&quot;:&quot;negative&quot;,&quot;motion_fx_mouseTrack_speed&quot;:{&quot;unit&quot;:&quot;px&quot;,&quot;size&quot;:0.7,&quot;sizes&quot;:[]},&quot;_position&quot;:&quot;absolute&quot;}\" data-widget_type=\"icon.default\">\n\t\t\t\t<div class=\"elementor-widget-container\">\n\t\t\t\t\t\t\t<div class=\"elementor-icon-wrapper\">\n\t\t\t<div class=\"elementor-icon\">\n\t\t\t\t\t\t<\/div>\n\t\t<\/div>\n\t\t\t\t\t\t<\/div>\n\t\t\t\t<\/div>\n\t\t\t\t<div class=\"elementor-element elementor-element-304fae0f elementor-widget__width-initial elementor-absolute elementor-hidden-phone elementor-view-default elementor-widget elementor-widget-icon\" data-id=\"304fae0f\" data-element_type=\"widget\" data-e-type=\"widget\" data-settings=\"{&quot;motion_fx_motion_fx_mouse&quot;:&quot;yes&quot;,&quot;motion_fx_mouseTrack_effect&quot;:&quot;yes&quot;,&quot;motion_fx_mouseTrack_direction&quot;:&quot;negative&quot;,&quot;motion_fx_mouseTrack_speed&quot;:{&quot;unit&quot;:&quot;px&quot;,&quot;size&quot;:0.8,&quot;sizes&quot;:[]},&quot;_position&quot;:&quot;absolute&quot;}\" data-widget_type=\"icon.default\">\n\t\t\t\t<div class=\"elementor-widget-container\">\n\t\t\t\t\t\t\t<div class=\"elementor-icon-wrapper\">\n\t\t\t<div class=\"elementor-icon\">\n\t\t\t\t\t\t<\/div>\n\t\t<\/div>\n\t\t\t\t\t\t<\/div>\n\t\t\t\t<\/div>\n\t\t\t\t<div class=\"elementor-element elementor-element-37f06281 elementor-widget__width-initial elementor-absolute elementor-hidden-tablet elementor-hidden-phone elementor-view-default elementor-widget elementor-widget-icon\" data-id=\"37f06281\" data-element_type=\"widget\" data-e-type=\"widget\" data-settings=\"{&quot;motion_fx_motion_fx_mouse&quot;:&quot;yes&quot;,&quot;motion_fx_mouseTrack_effect&quot;:&quot;yes&quot;,&quot;motion_fx_mouseTrack_speed&quot;:{&quot;unit&quot;:&quot;px&quot;,&quot;size&quot;:0.4,&quot;sizes&quot;:[]},&quot;_position&quot;:&quot;absolute&quot;}\" data-widget_type=\"icon.default\">\n\t\t\t\t<div class=\"elementor-widget-container\">\n\t\t\t\t\t\t\t<div class=\"elementor-icon-wrapper\">\n\t\t\t<div class=\"elementor-icon\">\n\t\t\t\t\t\t<\/div>\n\t\t<\/div>\n\t\t\t\t\t\t<\/div>\n\t\t\t\t<\/div>\n\t\t\t\t<div class=\"elementor-element elementor-element-612de798 elementor-widget__width-initial elementor-absolute elementor-view-default elementor-widget elementor-widget-icon\" data-id=\"612de798\" data-element_type=\"widget\" data-e-type=\"widget\" data-settings=\"{&quot;motion_fx_motion_fx_mouse&quot;:&quot;yes&quot;,&quot;motion_fx_mouseTrack_effect&quot;:&quot;yes&quot;,&quot;motion_fx_mouseTrack_speed&quot;:{&quot;unit&quot;:&quot;px&quot;,&quot;size&quot;:0.4,&quot;sizes&quot;:[]},&quot;_position&quot;:&quot;absolute&quot;}\" data-widget_type=\"icon.default\">\n\t\t\t\t<div class=\"elementor-widget-container\">\n\t\t\t\t\t\t\t<div class=\"elementor-icon-wrapper\">\n\t\t\t<div class=\"elementor-icon\">\n\t\t\t\t\t\t<\/div>\n\t\t<\/div>\n\t\t\t\t\t\t<\/div>\n\t\t\t\t<\/div>\n\t\t\t\t<div class=\"elementor-element elementor-element-708205cd elementor-widget elementor-widget-heading\" data-id=\"708205cd\" data-element_type=\"widget\" data-e-type=\"widget\" data-widget_type=\"heading.default\">\n\t\t\t\t<div class=\"elementor-widget-container\">\n\t\t\t\t\t<h1 class=\"elementor-heading-title elementor-size-default\">A Visible Body &amp; Physitrack program haszn\u00e1lata\n<\/h1>\t\t\t\t<\/div>\n\t\t\t\t<\/div>\n\t\t\t\t\t<\/div>\n\t\t<\/div>\n\t\t\t\t\t<\/div>\n\t\t<\/section>\n\t\t\t\t<section class=\"elementor-section elementor-top-section elementor-element elementor-element-788d9be4 elementor-section-content-middle elementor-section-boxed elementor-section-height-default elementor-section-height-default\" data-id=\"788d9be4\" data-element_type=\"section\" data-e-type=\"section\">\n\t\t\t\t\t\t<div class=\"elementor-container elementor-column-gap-no\">\n\t\t\t\t\t<div class=\"elementor-column elementor-col-100 elementor-top-column elementor-element elementor-element-124b4a16\" data-id=\"124b4a16\" data-element_type=\"column\" data-e-type=\"column\">\n\t\t\t<div class=\"elementor-widget-wrap elementor-element-populated\">\n\t\t\t\t\t\t<div class=\"elementor-element elementor-element-fa8b01f elementor-widget-divider--view-line_icon elementor-widget-divider--separator-type-pattern elementor-view-default elementor-widget-divider--element-align-center elementor-widget elementor-widget-divider\" data-id=\"fa8b01f\" data-element_type=\"widget\" data-e-type=\"widget\" data-widget_type=\"divider.default\">\n\t\t\t\t<div class=\"elementor-widget-container\">\n\t\t\t\t\t\t\t<div class=\"elementor-divider\" style=\"--divider-pattern-url: url(&quot;data:image\/svg+xml,%3Csvg xmlns=&#039;http:\/\/www.w3.org\/2000\/svg&#039; preserveAspectRatio=&#039;none&#039; overflow=&#039;visible&#039; height=&#039;100%&#039; viewBox=&#039;0 0 24 24&#039; fill=&#039;none&#039; stroke=&#039;black&#039; stroke-width=&#039;3&#039; stroke-linecap=&#039;square&#039; stroke-miterlimit=&#039;10&#039;%3E%3Cpolyline points=&#039;0,18 12,6 24,18 &#039;\/%3E%3C\/svg%3E&quot;);\">\n\t\t\t<span class=\"elementor-divider-separator\">\n\t\t\t\t\t\t\t<div class=\"elementor-icon elementor-divider__element\">\n\t\t\t\t\t<i aria-hidden=\"true\" class=\"fas fa-running\"><\/i><\/div>\n\t\t\t\t\t\t<\/span>\n\t\t<\/div>\n\t\t\t\t\t\t<\/div>\n\t\t\t\t<\/div>\n\t\t\t\t<div class=\"elementor-element elementor-element-7873499f elementor-widget elementor-widget-text-editor\" data-id=\"7873499f\" data-element_type=\"widget\" data-e-type=\"widget\" data-widget_type=\"text-editor.default\">\n\t\t\t\t<div class=\"elementor-widget-container\">\n\t\t\t\t\t\t\t\t\t<p><span style=\"font-weight: 400;\">A betegoktat\u00e1s mindig is r\u00e9sze volt gy\u00f3gy\u00edt\u00f3 tev\u00e9kenys\u00e9g\u00fcnknek. Fontosnak tartjuk, hogy betegeink ismerj\u00e9k meg a k\u00fcl\u00f6nf\u00e9le betegs\u00e9gek alapjait, a prevenci\u00f3 egyes elemeit valamint a gy\u00f3gytorna alapjait. A gy\u00f3gyul\u00e1s szempontj\u00e1b\u00f3l nagyon fontos, hogy a betegek meg\u00e9rts\u00e9k betegs\u00e9g\u00fck l\u00e9nyeg\u00e9t, k\u00e9pesek legyenek kik\u00fcsz\u00f6b\u00f6lni azokat a rizik\u00f3faktorokat amelyek szerepet j\u00e1tszanak a rendelleness\u00e9geinek kialakul\u00e1s\u00e1ban.<\/span><\/p><p><strong>1 A Visible Body program<\/strong><\/p><p><span style=\"font-weight: 400;\">A betegs\u00e9gek bemutat\u00e1s\u00e1ra a Visible Body szoftvert h\u00edvjuk seg\u00edts\u00e9g\u00fcl, hiszen ha l\u00e1tj\u00e1k p\u00e1cienseink a betegs\u00e9g\u00fcket, \u00edgy k\u00f6nnyebben meg\u00e9rtik, hogy milyen v\u00e1ltoz\u00e1sok mennek v\u00e9gbe a szervezet\u00fckbe a betegs\u00e9g\u00fck folyam\u00e1n. <\/span>Minden strukt\u00fara kattinthat\u00f3, forgathat\u00f3, mozgathat\u00f3 vagy ak\u00e1r el is rejthet\u0151, \u00edgy lehet\u0151s\u00e9g van az egyszer\u0171bb demonstr\u00e1l\u00e1sra.<\/p><p><strong>2 A Physitrack program haszn\u00e1lata<\/strong><\/p><p><span style=\"font-weight: 400;\">Ahhoz, hogy a rehabilit\u00e1ci\u00f3 sikeres legyen, sz\u00fcks\u00e9g van megfelel\u0151 szakemberekre \u00e9s a beteg szorgalm\u00e1ra, hogy a gy\u00f3gyul\u00e1s mihamarabb megval\u00f3sulhasson. Ehhez ny\u00fajt hihetetlen nagy seg\u00edts\u00e9get a Physitrack nev\u0171 programunk, amely vide\u00f3s form\u00e1ban is bemutatja p\u00e1cienseink sz\u00e1m\u00e1ra a gy\u00f3gyul\u00e1shoz sz\u00fcks\u00e9ges gy\u00f3gytorna gyakorlatokat, amelyeket \u00edgy otthon is biztons\u00e1gosan gyakorolhatnak \u00e9s elv\u00e9gezhetnek.\u00a0<\/span><\/p><ul><li><span style=\"font-weight: 400;\">miut\u00e1n a gy\u00f3gytorn\u00e1sz elk\u00e9sz\u00edtette a regisztr\u00e1ci\u00f3t, \u00d6n egy felhaszn\u00e1l\u00f3nevet \u00e9s jelsz\u00f3t fog kapni a szoftver fejleszt\u0151it\u0151l,<\/span><\/li><li><span style=\"font-weight: 400;\">az e-mail-ben tal\u00e1lhat\u00f3 <em>open my program<\/em>-ra kattintva let\u00f6lthet\u0151v\u00e9 v\u00e1lik sz\u00e1munkra a telefonon is futtathat\u00f3 <em>PhysiApp<\/em> nevezet\u0171 program,<\/span><\/li><li><span style=\"font-weight: 400;\">a megnyit\u00e1st k\u00f6vet\u0151en <em>a kapott program code \u00e9s a sz\u00fclet\u00e9si \u00e9v be\u00edr\u00e1s\u00e1val<\/em> haszn\u00e1lhat\u00f3v\u00e1 v\u00e1lik sz\u00e1munkra a rendszer,<\/span><\/li><li><span style=\"font-weight: 400;\">az <em>I agree to the terms of service<\/em>-t elfogadva \u00e9s <em>next<\/em>-et nyomva m\u00e1r l\u00e1thatjuk is gyakorlatainkat,<\/span><\/li><li>a programon bel\u00fcl lehet\u0151s\u00e9g\u00fcnk van ak\u00e1r az \u00e1ltalunk prefel\u00e1lt nyelv kiv\u00e1laszt\u00e1s\u00e1ra is (a magyar nyelv sajnos m\u00e9g egyenl\u0151re nem el\u00e9rhet\u0151),<\/li><li><span style=\"font-weight: 400;\">az eredm\u00e9nyeink nyomon k\u00f6vethet\u0151ek, <\/span><\/li><li><span style=\"font-weight: 400;\">a programon bel\u00fcl ak\u00e1r a f\u00e1jdalom er\u0151ss\u00e9g\u00e9t is megjel\u00f6lhetj\u00fck, \u00e9s visszajelz\u00e9st is \u00edrhatunk a gyakorlatok k\u00f6zbeni tapasztalatainkr\u00f3l,<\/span><\/li><li><span style=\"font-weight: 400;\">felh\u00edvjuk figyelm\u00fcket, hogy <strong><em>a program csak a gy\u00f3gytorn\u00e1sz \u00e1ltal megadott id\u0151szakban lesz csak az \u00d6n sz\u00e1m\u00e1ra el\u00e9rhet\u0151!<\/em><\/strong><\/span><\/li><\/ul><p><span style=\"font-weight: 400;\">Rem\u00e9lj\u00fck, hogy ezen programok seg\u00edts\u00e9g\u00e9vel siker\u00fcl az \u00d6n mihamarabbi gy\u00f3gyul\u00e1s\u00e1hoz hozz\u00e1j\u00e1rulni \u00e9s sz\u00edvesen haszn\u00e1lj\u00e1k \u00d6n\u00f6k is majd ezen programokat! <\/span><span style=\"font-weight: 400;\">Hiszen nem lehet m\u00e1s c\u00e9lunk, hogy mihamarabb jobban legyenek \u00e9s megszeress\u00e9k az \u00fajb\u00f3li mozg\u00e1st!<\/span><\/p><p>P\u00e1pa, 2021. m\u00e1rcius 1.<\/p><p><strong>Szerz\u0151: <em>Moln\u00e1r Katalin gy\u00f3gytorn\u00e1sz &#8211; fizioterapeuta<\/em><\/strong><\/p>\t\t\t\t\t\t\t\t<\/div>\n\t\t\t\t<\/div>\n\t\t\t\t\t<\/div>\n\t\t<\/div>\n\t\t\t\t\t<\/div>\n\t\t<\/section>\n\t\t\t\t<\/div>","protected":false},"excerpt":{"rendered":"<p>A Visible Body &amp; Physitrack program haszn\u00e1lata A betegoktat\u00e1s mindig is r\u00e9sze volt gy\u00f3gy\u00edt\u00f3 tev\u00e9kenys\u00e9g\u00fcnknek. Fontosnak tartjuk, hogy betegeink ismerj\u00e9k meg a k\u00fcl\u00f6nf\u00e9le betegs\u00e9gek alapjait, a prevenci\u00f3 egyes elemeit valamint a gy\u00f3gytorna alapjait. A gy\u00f3gyul\u00e1s szempontj\u00e1b\u00f3l nagyon fontos, hogy a betegek meg\u00e9rts\u00e9k betegs\u00e9g\u00fck l\u00e9nyeg\u00e9t, k\u00e9pesek legyenek kik\u00fcsz\u00f6b\u00f6lni azokat a rizik\u00f3faktorokat amelyek szerepet j\u00e1tszanak a rendelleness\u00e9geinek &#8230; <a title=\"A Visible Body &#038; Physitrack program haszn\u00e1lata\" class=\"read-more\" href=\"https:\/\/piriformismed.hu\/en\/hasznos-tudnivalok\/visible-body-es-physitrack\/\" aria-label=\"More on A Visible Body &#038; Physitrack program haszn\u00e1lata\">Read more<\/a><\/p>","protected":false},"author":3,"featured_media":0,"parent":287,"menu_order":0,"comment_status":"closed","ping_status":"closed","template":"elementor_header_footer","meta":{"_seopress_robots_primary_cat":"","_seopress_titles_title":"","_seopress_titles_desc":"","_seopress_robots_index":"","footnotes":""},"class_list":["post-359","page","type-page","status-publish"],"_links":{"self":[{"href":"https:\/\/piriformismed.hu\/en\/wp-json\/wp\/v2\/pages\/359","targetHints":{"allow":["GET"]}}],"collection":[{"href":"https:\/\/piriformismed.hu\/en\/wp-json\/wp\/v2\/pages"}],"about":[{"href":"https:\/\/piriformismed.hu\/en\/wp-json\/wp\/v2\/types\/page"}],"author":[{"embeddable":true,"href":"https:\/\/piriformismed.hu\/en\/wp-json\/wp\/v2\/users\/3"}],"replies":[{"embeddable":true,"href":"https:\/\/piriformismed.hu\/en\/wp-json\/wp\/v2\/comments?post=359"}],"version-history":[{"count":7,"href":"https:\/\/piriformismed.hu\/en\/wp-json\/wp\/v2\/pages\/359\/revisions"}],"predecessor-version":[{"id":3555,"href":"https:\/\/piriformismed.hu\/en\/wp-json\/wp\/v2\/pages\/359\/revisions\/3555"}],"up":[{"embeddable":true,"href":"https:\/\/piriformismed.hu\/en\/wp-json\/wp\/v2\/pages\/287"}],"wp:attachment":[{"href":"https:\/\/piriformismed.hu\/en\/wp-json\/wp\/v2\/media?parent=359"}],"curies":[{"name":"wp","href":"https:\/\/api.w.org\/{rel}","templated":true}]}}