{"id":368,"date":"2022-06-24T09:44:41","date_gmt":"2022-06-24T09:44:41","guid":{"rendered":"https:\/\/piriformismed.hu\/?page_id=368"},"modified":"2022-12-20T09:15:51","modified_gmt":"2022-12-20T09:15:51","slug":"netikett","status":"publish","type":"page","link":"https:\/\/piriformismed.hu\/en\/hasznos-tudnivalok\/netikett\/","title":{"rendered":"Netikett"},"content":{"rendered":"<div data-elementor-type=\"wp-page\" data-elementor-id=\"368\" class=\"elementor elementor-368\" data-elementor-post-type=\"page\">\n\t\t\t\t\t\t<section class=\"elementor-section elementor-top-section elementor-element elementor-element-63ea9454 elementor-section-boxed elementor-section-height-default elementor-section-height-default\" data-id=\"63ea9454\" data-element_type=\"section\" data-e-type=\"section\" data-settings=\"{&quot;background_background&quot;:&quot;classic&quot;,&quot;shape_divider_bottom&quot;:&quot;mountains&quot;}\">\n\t\t\t\t\t<div class=\"elementor-shape elementor-shape-bottom\" aria-hidden=\"true\" data-negative=\"false\">\n\t\t\t<svg xmlns=\"http:\/\/www.w3.org\/2000\/svg\" viewbox=\"0 0 1000 100\" preserveaspectratio=\"none\">\n\t<path class=\"elementor-shape-fill\" opacity=\"0.33\" d=\"M473,67.3c-203.9,88.3-263.1-34-320.3,0C66,119.1,0,59.7,0,59.7V0h1000v59.7 c0,0-62.1,26.1-94.9,29.3c-32.8,3.3-62.8-12.3-75.8-22.1C806,49.6,745.3,8.7,694.9,4.7S492.4,59,473,67.3z\"\/>\n\t<path class=\"elementor-shape-fill\" opacity=\"0.66\" d=\"M734,67.3c-45.5,0-77.2-23.2-129.1-39.1c-28.6-8.7-150.3-10.1-254,39.1 s-91.7-34.4-149.2,0C115.7,118.3,0,39.8,0,39.8V0h1000v36.5c0,0-28.2-18.5-92.1-18.5C810.2,18.1,775.7,67.3,734,67.3z\"\/>\n\t<path class=\"elementor-shape-fill\" d=\"M766.1,28.9c-200-57.5-266,65.5-395.1,19.5C242,1.8,242,5.4,184.8,20.6C128,35.8,132.3,44.9,89.9,52.5C28.6,63.7,0,0,0,0 h1000c0,0-9.9,40.9-83.6,48.1S829.6,47,766.1,28.9z\"\/>\n<\/svg>\t\t<\/div>\n\t\t\t\t\t<div class=\"elementor-container elementor-column-gap-no\">\n\t\t\t\t\t<div class=\"elementor-column elementor-col-100 elementor-top-column elementor-element elementor-element-52af7ca7\" data-id=\"52af7ca7\" data-element_type=\"column\" data-e-type=\"column\">\n\t\t\t<div class=\"elementor-widget-wrap elementor-element-populated\">\n\t\t\t\t\t\t<div class=\"elementor-element elementor-element-11e94826 elementor-widget__width-initial elementor-absolute elementor-view-default elementor-widget elementor-widget-icon\" data-id=\"11e94826\" data-element_type=\"widget\" data-e-type=\"widget\" data-settings=\"{&quot;motion_fx_motion_fx_mouse&quot;:&quot;yes&quot;,&quot;motion_fx_mouseTrack_effect&quot;:&quot;yes&quot;,&quot;motion_fx_mouseTrack_direction&quot;:&quot;negative&quot;,&quot;motion_fx_mouseTrack_speed&quot;:{&quot;unit&quot;:&quot;px&quot;,&quot;size&quot;:0.7,&quot;sizes&quot;:[]},&quot;_position&quot;:&quot;absolute&quot;}\" data-widget_type=\"icon.default\">\n\t\t\t\t<div class=\"elementor-widget-container\">\n\t\t\t\t\t\t\t<div class=\"elementor-icon-wrapper\">\n\t\t\t<div class=\"elementor-icon\">\n\t\t\t\t\t\t<\/div>\n\t\t<\/div>\n\t\t\t\t\t\t<\/div>\n\t\t\t\t<\/div>\n\t\t\t\t<div class=\"elementor-element elementor-element-751485c5 elementor-widget__width-initial elementor-absolute elementor-hidden-phone elementor-view-default elementor-widget elementor-widget-icon\" data-id=\"751485c5\" data-element_type=\"widget\" data-e-type=\"widget\" data-settings=\"{&quot;motion_fx_motion_fx_mouse&quot;:&quot;yes&quot;,&quot;motion_fx_mouseTrack_effect&quot;:&quot;yes&quot;,&quot;motion_fx_mouseTrack_direction&quot;:&quot;negative&quot;,&quot;motion_fx_mouseTrack_speed&quot;:{&quot;unit&quot;:&quot;px&quot;,&quot;size&quot;:0.8,&quot;sizes&quot;:[]},&quot;_position&quot;:&quot;absolute&quot;}\" data-widget_type=\"icon.default\">\n\t\t\t\t<div class=\"elementor-widget-container\">\n\t\t\t\t\t\t\t<div class=\"elementor-icon-wrapper\">\n\t\t\t<div class=\"elementor-icon\">\n\t\t\t\t\t\t<\/div>\n\t\t<\/div>\n\t\t\t\t\t\t<\/div>\n\t\t\t\t<\/div>\n\t\t\t\t<div class=\"elementor-element elementor-element-69950ff1 elementor-widget__width-initial elementor-absolute elementor-hidden-tablet elementor-hidden-phone elementor-view-default elementor-widget elementor-widget-icon\" data-id=\"69950ff1\" data-element_type=\"widget\" data-e-type=\"widget\" data-settings=\"{&quot;motion_fx_motion_fx_mouse&quot;:&quot;yes&quot;,&quot;motion_fx_mouseTrack_effect&quot;:&quot;yes&quot;,&quot;motion_fx_mouseTrack_speed&quot;:{&quot;unit&quot;:&quot;px&quot;,&quot;size&quot;:0.4,&quot;sizes&quot;:[]},&quot;_position&quot;:&quot;absolute&quot;}\" data-widget_type=\"icon.default\">\n\t\t\t\t<div class=\"elementor-widget-container\">\n\t\t\t\t\t\t\t<div class=\"elementor-icon-wrapper\">\n\t\t\t<div class=\"elementor-icon\">\n\t\t\t\t\t\t<\/div>\n\t\t<\/div>\n\t\t\t\t\t\t<\/div>\n\t\t\t\t<\/div>\n\t\t\t\t<div class=\"elementor-element elementor-element-1944129a elementor-widget__width-initial elementor-absolute elementor-view-default elementor-widget elementor-widget-icon\" data-id=\"1944129a\" data-element_type=\"widget\" data-e-type=\"widget\" data-settings=\"{&quot;motion_fx_motion_fx_mouse&quot;:&quot;yes&quot;,&quot;motion_fx_mouseTrack_effect&quot;:&quot;yes&quot;,&quot;motion_fx_mouseTrack_speed&quot;:{&quot;unit&quot;:&quot;px&quot;,&quot;size&quot;:0.4,&quot;sizes&quot;:[]},&quot;_position&quot;:&quot;absolute&quot;}\" data-widget_type=\"icon.default\">\n\t\t\t\t<div class=\"elementor-widget-container\">\n\t\t\t\t\t\t\t<div class=\"elementor-icon-wrapper\">\n\t\t\t<div class=\"elementor-icon\">\n\t\t\t\t\t\t<\/div>\n\t\t<\/div>\n\t\t\t\t\t\t<\/div>\n\t\t\t\t<\/div>\n\t\t\t\t<div class=\"elementor-element elementor-element-55dc299f elementor-widget elementor-widget-heading\" data-id=\"55dc299f\" data-element_type=\"widget\" data-e-type=\"widget\" data-widget_type=\"heading.default\">\n\t\t\t\t<div class=\"elementor-widget-container\">\n\t\t\t\t\t<h1 class=\"elementor-heading-title elementor-size-default\">Netikett<\/h1>\t\t\t\t<\/div>\n\t\t\t\t<\/div>\n\t\t\t\t\t<\/div>\n\t\t<\/div>\n\t\t\t\t\t<\/div>\n\t\t<\/section>\n\t\t\t\t<section class=\"elementor-section elementor-top-section elementor-element elementor-element-47f66f06 elementor-section-boxed elementor-section-height-default elementor-section-height-default\" data-id=\"47f66f06\" data-element_type=\"section\" data-e-type=\"section\">\n\t\t\t\t\t\t<div class=\"elementor-container elementor-column-gap-default\">\n\t\t\t\t\t<div class=\"elementor-column elementor-col-100 elementor-top-column elementor-element elementor-element-6953878d\" data-id=\"6953878d\" data-element_type=\"column\" data-e-type=\"column\">\n\t\t\t<div class=\"elementor-widget-wrap elementor-element-populated\">\n\t\t\t\t\t\t<div class=\"elementor-element elementor-element-343dd13 elementor-widget-divider--view-line_icon elementor-widget-divider--separator-type-pattern elementor-view-default elementor-widget-divider--element-align-center elementor-widget elementor-widget-divider\" data-id=\"343dd13\" data-element_type=\"widget\" data-e-type=\"widget\" data-widget_type=\"divider.default\">\n\t\t\t\t<div class=\"elementor-widget-container\">\n\t\t\t\t\t\t\t<div class=\"elementor-divider\" style=\"--divider-pattern-url: url(&quot;data:image\/svg+xml,%3Csvg xmlns=&#039;http:\/\/www.w3.org\/2000\/svg&#039; preserveAspectRatio=&#039;none&#039; overflow=&#039;visible&#039; height=&#039;100%&#039; viewBox=&#039;0 0 24 24&#039; fill=&#039;none&#039; stroke=&#039;black&#039; stroke-width=&#039;3&#039; stroke-linecap=&#039;square&#039; stroke-miterlimit=&#039;10&#039;%3E%3Cpolyline points=&#039;0,18 12,6 24,18 &#039;\/%3E%3C\/svg%3E&quot;);\">\n\t\t\t<span class=\"elementor-divider-separator\">\n\t\t\t\t\t\t\t<div class=\"elementor-icon elementor-divider__element\">\n\t\t\t\t\t<i aria-hidden=\"true\" class=\"fas fa-running\"><\/i><\/div>\n\t\t\t\t\t\t<\/span>\n\t\t<\/div>\n\t\t\t\t\t\t<\/div>\n\t\t\t\t<\/div>\n\t\t\t\t<div class=\"elementor-element elementor-element-1632072c elementor-widget elementor-widget-text-editor\" data-id=\"1632072c\" data-element_type=\"widget\" data-e-type=\"widget\" data-widget_type=\"text-editor.default\">\n\t\t\t\t<div class=\"elementor-widget-container\">\n\t\t\t\t\t\t\t\t\t\n<p><strong>Szab\u00e1lyok \u00e9s keretek az online rendel\u00e9sen \u00e9s gy\u00f3gytorna foglalkoz\u00e1sokon<\/strong><\/p>\n\n<p>A PiriformisMed H\u00e1zirendje tartalmazza a rendel\u0151ben k\u00f6vetend\u0151 bels\u0151 norm\u00e1kat, \u00f6sszefoglalja a rendel\u0151 dolgoz\u00f3inak \u00e9s az ott megjelen\u0151 betegek alapszab\u00e1lyait. A jelen <em>PiriformisMed Netikett<\/em> c\u00e9lja, hogy a dolgoz\u00f3k \u00e9s betegek viselked\u00e9se az online ell\u00e1t\u00e1sban \u00e9s az online kezel\u00e9seken, programokon is k\u00f6vesse a rendel\u0151i norm\u00e1kat, szab\u00e1lyokat. Ez\u00e9rt a H\u00e1zirend pontjai \u00e9rv\u00e9nyesek a PiriformisMed online ter\u00e9ben is. A H\u00e1zirend m\u0171k\u00f6d\u00e9s\u00e9t az online t\u00e9rben az al\u00e1bbi szempontok \u00e9s szab\u00e1lyok \u00e9rv\u00e9nyes\u00edtik.<\/p>\n\n<p><strong>1. Online technika, online k\u00f6rnyezet<\/strong><\/p>\n\n<p>A rendel\u00e9st v\u00e9gz\u0151 gy\u00f3gytorn\u00e1szok rendezett technikai \u00e9s fizikai k\u00f6rnyezet kialak\u00edt\u00e1s\u00e1val k\u00e9sz\u00fclnek a konzult\u00e1ci\u00f3kra \u00e9s a foglalkoz\u00e1sokra. Nyomon k\u00f6vetik, hogy az online konzult\u00e1ci\u00f3k \u00e9s foglalkoz\u00e1sok egyes szakaszai milyen technikai megold\u00e1sokat k\u00f6vetelnek. A lehet\u0151s\u00e9gekhez m\u00e9rten kiiktatj\u00e1k a h\u00e1tt\u00e9rzajokat \u00e9s egy\u00e9b zavar\u00f3 k\u00f6r\u00fclm\u00e9nyeket. A folyamatos figyelem, kommunik\u00e1ci\u00f3 biztos\u00edt\u00e1s\u00e1\u00e9rt a gy\u00f3gytorn\u00e1sz \u00e9s a beteg egyar\u00e1nt lehet\u0151leg bekapcsolt kamer\u00e1val dolgozik. A mikrofont csak akkor haszn\u00e1lj\u00e1k, ha \u0151k sz\u00f3lalnak meg. Ha ezen technikai \u00e9s fizikai k\u00f6r\u00fclm\u00e9nyek nem teremthet\u0151k meg, a beteg ezt el\u0151re jelzi, \u00e9s err\u0151l egyeztet a foglalkoz\u00e1st vezet\u0151 eg\u00e9szs\u00e9g\u00fcgyi szakemberrel.<\/p>\n\n<p>Az gy\u00f3gytorn\u00e1szok \u00e9s a betegek k\u00f6z\u00f6sen alak\u00edtj\u00e1k ki azt a virtu\u00e1lis teret, amelyben a k\u00f6z\u00f6s munka folyik. A beteg a saj\u00e1t k\u00f6rnyezet\u00e9t \u00e1tgondolva vagy h\u00e1tt\u00e9rk\u00e9pet alkalmazva van jelen a konzult\u00e1ci\u00f3n vagy foglalkoz\u00e1son. A h\u00e1tt\u00e9r az adatv\u00e9delmi t\u00f6rv\u00e9nyeknek megfelel\u0151en min\u00e9l kevesebbet mutat a csal\u00e1di-szem\u00e9lyes k\u00f6rnyezet\u00e9b\u0151l, valamint nem k\u00f6zvet\u00edt kultur\u00e1lisan vagy gazdas\u00e1gilag hangs\u00falyos \u00fczeneteket (pl. rekl\u00e1mot). A beteg a profilk\u00e9pe \u00e9s a profil m\u00e1s elemei alapj\u00e1n beazonos\u00edthat\u00f3, \u00fczenet\u00e9ben azonban semleges.<\/p>\n\n<p><strong>2. Az online konzult\u00e1ci\u00f3 \u00e9s foglalkoz\u00e1s menete, online viselked\u00e9s<\/strong><\/p>\n\n<p>A gy\u00f3gytorn\u00e1sz az online ell\u00e1t\u00e1s sor\u00e1n, az online t\u00e9rben is a PiriformisMed dolgoz\u00f3ja: a H\u00e1zirendet k\u00f6vetve saj\u00e1t feladatk\u00f6r\u00e9ben, munkakapcsolataiban, valamint a PiriformisMed nyilv\u00e1noss\u00e1g\u00e1ban m\u0171k\u00f6dik, dolgozik.<\/p>\n\n<p>A beteg az online kapcsolatot nem teheti nyitott\u00e1 a nagyobb nyilv\u00e1noss\u00e1g fel\u00e9. Viselked\u00e9s\u00e9ben, \u00f6lt\u00f6zk\u00f6d\u00e9s\u00e9vel k\u00f6veti a jelenl\u00e9ti eg\u00e9szs\u00e9g\u00fcgyi ell\u00e1t\u00e1sban megismert norm\u00e1kat, magatart\u00e1sform\u00e1kat.<\/p>\n\n<p>A beteg a digit\u00e1lis t\u00e9rben t\u00f6bb eszk\u00f6zzel, t\u00f6bb platformon is jelen lehet, ha az a konzult\u00e1ci\u00f3 \u00e9s \/ vagy foglalkoz\u00e1s menet\u00e9t szolg\u00e1lja. A beteg figyeljen arra, hogy a k\u00fcl\u00f6nb\u00f6z\u0151, az ell\u00e1t\u00e1s\u00e1t seg\u00edt\u0151 platformokon a bejelentkez\u00e9sn\u00e9l, a kapcsolat k\u00f6zben is k\u00f6vesse az etikai \u00e9s viselked\u00e9si norm\u00e1kat.<\/p>\n\n<p>A konzult\u00e1ci\u00f3k, gy\u00f3gytorna foglalkoz\u00e1sok folyamat\u00e1t az azt tart\u00f3, a PiriformisMed rendel\u0151j\u00e9ben m\u0171k\u00f6d\u0151 szakember ir\u00e1ny\u00edtja, szervezi. A beteg az ell\u00e1t\u00e1s\u00e1t vezet\u0151vel egyezteti, hogy mikor tudja \u00f6n\u00e1ll\u00f3 munk\u00e1j\u00e1val seg\u00edteni saj\u00e1t fejl\u0151d\u00e9s\u00e9t, eredm\u00e9nyes el\u0151rehalad\u00e1s\u00e1t.<\/p>\n\n<p><strong>3. Online tartalom, online adatv\u00e9delem<\/strong><\/p>\n\n<p>Az online t\u00e9r k\u00e9peit, tartalmait az ell\u00e1t\u00e1st ny\u00fajt\u00f3 gy\u00f3gytorn\u00e1sz alak\u00edtja, ir\u00e1ny\u00edtja. A beteg csak enged\u00e9llyel oszthatja meg a k\u00e9perny\u0151t, csak enged\u00e9llyel alak\u00edthatja \u00e1t a kapcsolat k\u00e9pi \u00e9s egy\u00e9b tartalmait.<\/p>\n\n<p>Az gy\u00f3gytorn\u00e1szok \u00e9s a betegek k\u00f6z\u00f6sen tiszteletben tartj\u00e1k, hogy a konzult\u00e1ci\u00f3kon, a foglalkoz\u00e1sokon elhangzottak, illetve a foglalkoz\u00e1sok menete szellemi term\u00e9k, a gy\u00f3gytorn\u00e1sz tulajdona. K\u00f6z\u00f6sen, megfelel\u0151en, a jogszab\u00e1lyokat betartva haszn\u00e1lj\u00e1k a szerz\u0151i jog, illetve a k\u00e9pm\u00e1shoz val\u00f3 jog al\u00e1 es\u0151 tartalmakat.<\/p>\n\n<p>A betegek tudom\u00e1sul veszik \u00e9s egyet\u00e9rtenek abban, hogy a PiriformisMed tulajdon\u00e1ban l\u00e9v\u0151 <em>PiriformisMed Online csatlakoz\u00e1si t\u00e9r<\/em> megh\u00edvott csatlakoz\u00f3jak\u00e9nt b\u00e1rmely szolg\u00e1ltat\u00e1s megrendel\u00e9s\u00e9vel, haszn\u00e1lat\u00e1val \u00e9s az adataik \u00f6nk\u00e9ntes megad\u00e1s\u00e1val hozz\u00e1j\u00e1rulnak ahhoz, hogy a PiriformisMed adataikat a jogszab\u00e1lyi el\u0151\u00edr\u00e1sok betart\u00e1sa mellett, a PiriformisMed Adatkezel\u00e9si T\u00e1j\u00e9koztat\u00f3j\u00e1ban foglaltak szerint felhaszn\u00e1lja. A megh\u00edv\u00e1s elfogad\u00e1s\u00e1val tudom\u00e1sul veszik \u00e9s hozz\u00e1j\u00e1rulnak ahhoz, hogy min\u0151s\u00e9gbiztos\u00edt\u00e1si okokb\u00f3l a kapcsolatr\u00f3l audio- \u00e9s video r\u00f6gz\u00edt\u00e9s t\u00f6rt\u00e9njen, melyet a PiriformisMed, mint adatkezel\u0151 harmadik f\u00e9l r\u00e9sz\u00e9re nem adhat ki.<\/p>\n\n<p>A gy\u00f3gytorn\u00e1szok \u00e9s a betegek tudom\u00e1sul veszik, hogy egyes online tev\u00e9kenys\u00e9geknek k\u00f6vetkezm\u00e9nyei vannak. Az egyes probl\u00e9m\u00e1k, vit\u00e1s k\u00e9rd\u00e9sek rendez\u00e9s\u00e9ben az online t\u00e9r eset\u00e9ben is a fenn\u00e1ll\u00f3, hat\u00e1lyos t\u00f6rv\u00e9nyeket k\u00f6vetik.<\/p>\n\n<p><span style=\"font-weight: 400;\">P\u00e1pa, 2021. m\u00e1rcius 1.<\/span><\/p>\n\n<p><strong>Szerz\u0151: <em>Moln\u00e1r Katalin gy\u00f3gytorn\u00e1sz &#8211; fizioterapeuta<\/em><\/strong><\/p>\n\t\t\t\t\t\t\t\t<\/div>\n\t\t\t\t<\/div>\n\t\t\t\t\t<\/div>\n\t\t<\/div>\n\t\t\t\t\t<\/div>\n\t\t<\/section>\n\t\t\t\t<\/div>","protected":false},"excerpt":{"rendered":"<p>Netikett Szab\u00e1lyok \u00e9s keretek az online rendel\u00e9sen \u00e9s gy\u00f3gytorna foglalkoz\u00e1sokon A PiriformisMed H\u00e1zirendje tartalmazza a rendel\u0151ben k\u00f6vetend\u0151 bels\u0151 norm\u00e1kat, \u00f6sszefoglalja a rendel\u0151 dolgoz\u00f3inak \u00e9s az ott megjelen\u0151 betegek alapszab\u00e1lyait. A jelen PiriformisMed Netikett c\u00e9lja, hogy a dolgoz\u00f3k \u00e9s betegek viselked\u00e9se az online ell\u00e1t\u00e1sban \u00e9s az online kezel\u00e9seken, programokon is k\u00f6vesse a rendel\u0151i norm\u00e1kat, szab\u00e1lyokat. Ez\u00e9rt &#8230; <a title=\"Netikett\" class=\"read-more\" href=\"https:\/\/piriformismed.hu\/en\/hasznos-tudnivalok\/netikett\/\" aria-label=\"More on Netikett\">Read more<\/a><\/p>","protected":false},"author":3,"featured_media":0,"parent":287,"menu_order":0,"comment_status":"closed","ping_status":"closed","template":"elementor_header_footer","meta":{"_seopress_robots_primary_cat":"","_seopress_titles_title":"","_seopress_titles_desc":"","_seopress_robots_index":"","footnotes":""},"class_list":["post-368","page","type-page","status-publish"],"_links":{"self":[{"href":"https:\/\/piriformismed.hu\/en\/wp-json\/wp\/v2\/pages\/368","targetHints":{"allow":["GET"]}}],"collection":[{"href":"https:\/\/piriformismed.hu\/en\/wp-json\/wp\/v2\/pages"}],"about":[{"href":"https:\/\/piriformismed.hu\/en\/wp-json\/wp\/v2\/types\/page"}],"author":[{"embeddable":true,"href":"https:\/\/piriformismed.hu\/en\/wp-json\/wp\/v2\/users\/3"}],"replies":[{"embeddable":true,"href":"https:\/\/piriformismed.hu\/en\/wp-json\/wp\/v2\/comments?post=368"}],"version-history":[{"count":12,"href":"https:\/\/piriformismed.hu\/en\/wp-json\/wp\/v2\/pages\/368\/revisions"}],"predecessor-version":[{"id":4913,"href":"https:\/\/piriformismed.hu\/en\/wp-json\/wp\/v2\/pages\/368\/revisions\/4913"}],"up":[{"embeddable":true,"href":"https:\/\/piriformismed.hu\/en\/wp-json\/wp\/v2\/pages\/287"}],"wp:attachment":[{"href":"https:\/\/piriformismed.hu\/en\/wp-json\/wp\/v2\/media?parent=368"}],"curies":[{"name":"wp","href":"https:\/\/api.w.org\/{rel}","templated":true}]}}