{"id":377,"date":"2022-06-24T09:46:57","date_gmt":"2022-06-24T09:46:57","guid":{"rendered":"https:\/\/piriformismed.hu\/?page_id=377"},"modified":"2022-12-18T12:27:26","modified_gmt":"2022-12-18T12:27:26","slug":"i-clinic","status":"publish","type":"page","link":"https:\/\/piriformismed.hu\/en\/hasznos-tudnivalok\/i-clinic\/","title":{"rendered":"Az i-Clinic szoftver haszn\u00e1lata"},"content":{"rendered":"<div data-elementor-type=\"wp-page\" data-elementor-id=\"377\" class=\"elementor elementor-377\" data-elementor-post-type=\"page\">\n\t\t\t\t\t\t<section class=\"elementor-section elementor-top-section elementor-element elementor-element-20c21eeb elementor-section-boxed elementor-section-height-default elementor-section-height-default\" data-id=\"20c21eeb\" data-element_type=\"section\" data-e-type=\"section\" data-settings=\"{&quot;background_background&quot;:&quot;classic&quot;,&quot;shape_divider_bottom&quot;:&quot;mountains&quot;}\">\n\t\t\t\t\t<div class=\"elementor-shape elementor-shape-bottom\" aria-hidden=\"true\" data-negative=\"false\">\n\t\t\t<svg xmlns=\"http:\/\/www.w3.org\/2000\/svg\" viewbox=\"0 0 1000 100\" preserveaspectratio=\"none\">\n\t<path class=\"elementor-shape-fill\" opacity=\"0.33\" d=\"M473,67.3c-203.9,88.3-263.1-34-320.3,0C66,119.1,0,59.7,0,59.7V0h1000v59.7 c0,0-62.1,26.1-94.9,29.3c-32.8,3.3-62.8-12.3-75.8-22.1C806,49.6,745.3,8.7,694.9,4.7S492.4,59,473,67.3z\"\/>\n\t<path class=\"elementor-shape-fill\" opacity=\"0.66\" d=\"M734,67.3c-45.5,0-77.2-23.2-129.1-39.1c-28.6-8.7-150.3-10.1-254,39.1 s-91.7-34.4-149.2,0C115.7,118.3,0,39.8,0,39.8V0h1000v36.5c0,0-28.2-18.5-92.1-18.5C810.2,18.1,775.7,67.3,734,67.3z\"\/>\n\t<path class=\"elementor-shape-fill\" d=\"M766.1,28.9c-200-57.5-266,65.5-395.1,19.5C242,1.8,242,5.4,184.8,20.6C128,35.8,132.3,44.9,89.9,52.5C28.6,63.7,0,0,0,0 h1000c0,0-9.9,40.9-83.6,48.1S829.6,47,766.1,28.9z\"\/>\n<\/svg>\t\t<\/div>\n\t\t\t\t\t<div class=\"elementor-container elementor-column-gap-no\">\n\t\t\t\t\t<div class=\"elementor-column elementor-col-100 elementor-top-column elementor-element elementor-element-3601aa82\" data-id=\"3601aa82\" data-element_type=\"column\" data-e-type=\"column\">\n\t\t\t<div class=\"elementor-widget-wrap elementor-element-populated\">\n\t\t\t\t\t\t<div class=\"elementor-element elementor-element-4d6bffdc elementor-widget__width-initial elementor-absolute elementor-view-default elementor-widget elementor-widget-icon\" data-id=\"4d6bffdc\" data-element_type=\"widget\" data-e-type=\"widget\" data-settings=\"{&quot;motion_fx_motion_fx_mouse&quot;:&quot;yes&quot;,&quot;motion_fx_mouseTrack_effect&quot;:&quot;yes&quot;,&quot;motion_fx_mouseTrack_direction&quot;:&quot;negative&quot;,&quot;motion_fx_mouseTrack_speed&quot;:{&quot;unit&quot;:&quot;px&quot;,&quot;size&quot;:0.7,&quot;sizes&quot;:[]},&quot;_position&quot;:&quot;absolute&quot;}\" data-widget_type=\"icon.default\">\n\t\t\t\t<div class=\"elementor-widget-container\">\n\t\t\t\t\t\t\t<div class=\"elementor-icon-wrapper\">\n\t\t\t<div class=\"elementor-icon\">\n\t\t\t\t\t\t<\/div>\n\t\t<\/div>\n\t\t\t\t\t\t<\/div>\n\t\t\t\t<\/div>\n\t\t\t\t<div class=\"elementor-element elementor-element-7270893a elementor-widget__width-initial elementor-absolute elementor-hidden-phone elementor-view-default elementor-widget elementor-widget-icon\" data-id=\"7270893a\" data-element_type=\"widget\" data-e-type=\"widget\" data-settings=\"{&quot;motion_fx_motion_fx_mouse&quot;:&quot;yes&quot;,&quot;motion_fx_mouseTrack_effect&quot;:&quot;yes&quot;,&quot;motion_fx_mouseTrack_direction&quot;:&quot;negative&quot;,&quot;motion_fx_mouseTrack_speed&quot;:{&quot;unit&quot;:&quot;px&quot;,&quot;size&quot;:0.8,&quot;sizes&quot;:[]},&quot;_position&quot;:&quot;absolute&quot;}\" data-widget_type=\"icon.default\">\n\t\t\t\t<div class=\"elementor-widget-container\">\n\t\t\t\t\t\t\t<div class=\"elementor-icon-wrapper\">\n\t\t\t<div class=\"elementor-icon\">\n\t\t\t\t\t\t<\/div>\n\t\t<\/div>\n\t\t\t\t\t\t<\/div>\n\t\t\t\t<\/div>\n\t\t\t\t<div class=\"elementor-element elementor-element-c87cd64 elementor-widget__width-initial elementor-absolute elementor-hidden-tablet elementor-hidden-phone elementor-view-default elementor-widget elementor-widget-icon\" data-id=\"c87cd64\" data-element_type=\"widget\" data-e-type=\"widget\" data-settings=\"{&quot;motion_fx_motion_fx_mouse&quot;:&quot;yes&quot;,&quot;motion_fx_mouseTrack_effect&quot;:&quot;yes&quot;,&quot;motion_fx_mouseTrack_speed&quot;:{&quot;unit&quot;:&quot;px&quot;,&quot;size&quot;:0.4,&quot;sizes&quot;:[]},&quot;_position&quot;:&quot;absolute&quot;}\" data-widget_type=\"icon.default\">\n\t\t\t\t<div class=\"elementor-widget-container\">\n\t\t\t\t\t\t\t<div class=\"elementor-icon-wrapper\">\n\t\t\t<div class=\"elementor-icon\">\n\t\t\t\t\t\t<\/div>\n\t\t<\/div>\n\t\t\t\t\t\t<\/div>\n\t\t\t\t<\/div>\n\t\t\t\t<div class=\"elementor-element elementor-element-6e8847b9 elementor-widget__width-initial elementor-absolute elementor-view-default elementor-widget elementor-widget-icon\" data-id=\"6e8847b9\" data-element_type=\"widget\" data-e-type=\"widget\" data-settings=\"{&quot;motion_fx_motion_fx_mouse&quot;:&quot;yes&quot;,&quot;motion_fx_mouseTrack_effect&quot;:&quot;yes&quot;,&quot;motion_fx_mouseTrack_speed&quot;:{&quot;unit&quot;:&quot;px&quot;,&quot;size&quot;:0.4,&quot;sizes&quot;:[]},&quot;_position&quot;:&quot;absolute&quot;}\" data-widget_type=\"icon.default\">\n\t\t\t\t<div class=\"elementor-widget-container\">\n\t\t\t\t\t\t\t<div class=\"elementor-icon-wrapper\">\n\t\t\t<div class=\"elementor-icon\">\n\t\t\t\t\t\t<\/div>\n\t\t<\/div>\n\t\t\t\t\t\t<\/div>\n\t\t\t\t<\/div>\n\t\t\t\t<div class=\"elementor-element elementor-element-2ad06a32 elementor-widget elementor-widget-heading\" data-id=\"2ad06a32\" data-element_type=\"widget\" data-e-type=\"widget\" data-widget_type=\"heading.default\">\n\t\t\t\t<div class=\"elementor-widget-container\">\n\t\t\t\t\t<h1 class=\"elementor-heading-title elementor-size-default\">Az i-Clinic szoftver haszn\u00e1lata<\/h1>\t\t\t\t<\/div>\n\t\t\t\t<\/div>\n\t\t\t\t\t<\/div>\n\t\t<\/div>\n\t\t\t\t\t<\/div>\n\t\t<\/section>\n\t\t\t\t<section class=\"elementor-section elementor-top-section elementor-element elementor-element-72cab65d elementor-section-boxed elementor-section-height-default elementor-section-height-default\" data-id=\"72cab65d\" data-element_type=\"section\" data-e-type=\"section\">\n\t\t\t\t\t\t<div class=\"elementor-container elementor-column-gap-no\">\n\t\t\t\t\t<div class=\"elementor-column elementor-col-100 elementor-top-column elementor-element elementor-element-4189cc82\" data-id=\"4189cc82\" data-element_type=\"column\" data-e-type=\"column\">\n\t\t\t<div class=\"elementor-widget-wrap elementor-element-populated\">\n\t\t\t\t\t\t<div class=\"elementor-element elementor-element-851eb7b elementor-widget-divider--view-line_icon elementor-widget-divider--separator-type-pattern elementor-view-default elementor-widget-divider--element-align-center elementor-widget elementor-widget-divider\" data-id=\"851eb7b\" data-element_type=\"widget\" data-e-type=\"widget\" data-widget_type=\"divider.default\">\n\t\t\t\t<div class=\"elementor-widget-container\">\n\t\t\t\t\t\t\t<div class=\"elementor-divider\" style=\"--divider-pattern-url: url(&quot;data:image\/svg+xml,%3Csvg xmlns=&#039;http:\/\/www.w3.org\/2000\/svg&#039; preserveAspectRatio=&#039;none&#039; overflow=&#039;visible&#039; height=&#039;100%&#039; viewBox=&#039;0 0 24 24&#039; fill=&#039;none&#039; stroke=&#039;black&#039; stroke-width=&#039;3&#039; stroke-linecap=&#039;square&#039; stroke-miterlimit=&#039;10&#039;%3E%3Cpolyline points=&#039;0,18 12,6 24,18 &#039;\/%3E%3C\/svg%3E&quot;);\">\n\t\t\t<span class=\"elementor-divider-separator\">\n\t\t\t\t\t\t\t<div class=\"elementor-icon elementor-divider__element\">\n\t\t\t\t\t<i aria-hidden=\"true\" class=\"fas fa-running\"><\/i><\/div>\n\t\t\t\t\t\t<\/span>\n\t\t<\/div>\n\t\t\t\t\t\t<\/div>\n\t\t\t\t<\/div>\n\t\t\t\t<div class=\"elementor-element elementor-element-194d052 elementor-widget elementor-widget-text-editor\" data-id=\"194d052\" data-element_type=\"widget\" data-e-type=\"widget\" data-widget_type=\"text-editor.default\">\n\t\t\t\t<div class=\"elementor-widget-container\">\n\t\t\t\t\t\t\t\t\t<p><span style=\"font-weight: 400;\">Rendel\u0151nk az orvosokkal \u00e9s a p\u00e1ciensekkel t\u00f6rt\u00e9n\u0151 k\u00f6nnyebb kapcsolattart\u00e1s \u00e9rdek\u00e9ben az i-Clinic nevezet\u0171 praxiskezel\u0151 szoftvert haszn\u00e1lja.\u00a0<\/span><span style=\"font-weight: 400;\">Az i-Clinic egyik legfontosabb funkci\u00f3ja, hogy lehet\u0151v\u00e9 teszi a teljesk\u00f6r\u0171 p\u00e1cienskezel\u00e9st, vagyis a beteg\u00e9let\u00fat v\u00e9gig k\u00f6vetes\u00e9t\u0151l kezdve, a soron k\u00f6vetkez\u0151 vizitek r\u00f6gz\u00edt\u00e9s\u00e9t, az egyes kezel\u00e9sek ut\u00e1ni \u00e1llapotok \u00e9s eredm\u00e9nyek \u00f6sszehasonl\u00edt\u00e1s\u00e1t, \u00e9s persze az adott betegre szabott feladatsorok kialak\u00edt\u00e1s\u00e1t. A megbesz\u00e9lt id\u0151pontokra figyelmeztet\u0151 \u00e9rtes\u00edt\u00e9sek k\u00fcld\u00e9s\u00e9t, melynek sor\u00e1n egy automata e-mailben \u00e9rtes\u00edtj\u00fck betegeinket arra, hogy mikor \u00e9s hol v\u00e1rjuk \u0151ket a legk\u00f6zelebb. <\/span><\/p><p><span style=\"font-weight: 400;\">A m\u00e1sik remek men\u00fcpont a p\u00e1ciensek sz\u00e1m\u00e1ra l\u00e9trehozhat\u00f3 saj\u00e1t felhaszn\u00e1l\u00f3i fel\u00fclet, ahol nyomon k\u00f6vethetik, hogy milyen feladatokat kaptak, megn\u00e9zhetik \u00e9s \u00f6sszehasonl\u00edthatj\u00e1k az eredm\u00e9nyeiket, de a k\u00e9rd\u00e9seiket is elk\u00fcldhetik nek\u00fcnk \u2013 t\u00e9rbeli vagy id\u0151beli megk\u00f6t\u00e9s, \u00e9s felesleges pap\u00edr pazarl\u00e1s n\u00e9lk\u00fcl.<\/span><\/p><p><strong>1 Az i-Clinic praxiskezel\u0151 szoftvert haszn\u00e1lata<\/strong><\/p><ul><li><span style=\"font-weight: 400;\">P\u00e1cienseink a regisztr\u00e1ci\u00f3t k\u00f6vet\u0151en egy felhaszn\u00e1l\u00f3nevet \u00e9s jelsz\u00f3t kapnak a megadott e-mail c\u00edm\u00fckre,<\/span><\/li><li><span style=\"font-weight: 400;\">az els\u0151 bel\u00e9p\u00e9s sor\u00e1n a jelsz\u00f3t meg kell v\u00e1ltoztatniuk, amire a k\u00f6vetkez\u0151 szab\u00e1lyok \u00e9rv\u00e9nyesek: minimum legyen nyolc karakter hossz\u00fas\u00e1g\u00fa, tartalmazzon egy nagybet\u0171t \u00e9s egy sz\u00e1mot valamint legyen benn egy speci\u00e1lis karakter. <em>Felh\u00edvjuk figyelm\u00fcket, hogy a felhaszn\u00e1l\u00f3n\u00e9v nem m\u00f3dos\u00edthat\u00f3!<\/em><\/span><\/li><li><span style=\"font-weight: 400;\">amennyiben sikeresen v\u00e9grehajtottuk a m\u00f3dos\u00edt\u00e1sokat, az els\u0151 bel\u00e9p\u00e9st k\u00f6vet\u0151en az adatkezel\u00e9si t\u00e1j\u00e9koztat\u00f3 fogad minket (ami tartalmazza a h\u00e1zirendet \u00e9s netikett-et), amit ha elfogadtunk \u00e9s kipip\u00e1ltunk, m\u00e1r haszn\u00e1lhatjuk is a saj\u00e1t rendszer\u00fcnket.\u00a0<\/span><\/li><\/ul><p><span style=\"font-weight: 400;\">Ebben megtal\u00e1ljuk a saj\u00e1t adatainkat, a felt\u00f6lt\u00f6tt orvosi dokument\u00e1ci\u00f3kat, a kik\u00fcld\u00f6tt gy\u00f3gytorna gyakorlatokat (ritk\u00e1n haszn\u00e1ljuk, ink\u00e1bb a Physitrack szoftvert szeretj\u00fck, le\u00edr\u00e1s\u00e1t l\u00e1sd egy m\u00e1sik men\u00fcpontban), \u00e9s a mozg\u00e1sszervi probl\u00e9m\u00e1nk adatlapjait, amit ak\u00e1r le is t\u00f6lthet\u00fcnk \u00e9s ki is nyomtathatunk.<\/span><\/p><p><span style=\"font-weight: 400;\">A rendszeren kereszt\u00fcl az \u00fczenetek men\u00fcpontban k\u00f6nnyed\u00e9n feltudj\u00e1k venni vel\u00fcnk a kapcsolatot. <strong><em>Mindig is arra k\u00e9rt\u00fck \u00d6n\u00f6ket, hogy probl\u00e9ma eset\u00e9n telefonon vagy ezen a fel\u00fcleten kereszt\u00fcl keressenek <\/em><em>benn\u00fcnket<\/em>,<\/strong> mert ezt azonnal l\u00e1tjuk \u00e9s amint id\u0151nk engedi reag\u00e1lunk is r\u00e1. Mi is ezt a fel\u00fcletet haszn\u00e1ljuk b\u00e1rmely probl\u00e9ma fenn\u00e1ll\u00e1sa eset\u00e9n, ez\u00e9rt k\u00e9rj\u00fck \u00d6n\u00f6ket, hogy <em>a kezel\u00e9s\u00fck alatt folyamatosan figyelj\u00e9k az \u00fczeneteket<\/em>, mert \u00edgy tudjuk \u00d6n\u00f6ket a leggyorsabban \u00e9s legk\u00f6nnyebben el\u00e9rni.\u00a0<\/span><\/p><p><span style=\"font-weight: 400;\">Mivel a rendszer folyamatosan \u00e9rtes\u00edt\u00e9st k\u00fcld \u00d6n\u00f6knek a k\u00f6vetkez\u0151 kezel\u00e9s id\u0151pontj\u00e1r\u00f3l, \u00edgy felh\u00edvjuk tisztelt P\u00e1cienseink figyelm\u00e9t, hogy <strong><em>az el\u0151re befoglalt id\u0151pontokat, az aktualit\u00e1suk el\u0151tt 24 \u00f3r\u00e1val van lehet\u0151s\u00e9g d\u00edjmentesen lemondani!<\/em><\/strong> A kezel\u00e9s napj\u00e1n t\u00f6rt\u00e9n\u0151 visszamond\u00e1s, illetve elmulasztott visszamond\u00e1s eset\u00e9n a<em> k\u00f6vetkez\u0151 tal\u00e1lkoz\u00f3 alkalm\u00e1val a kezel\u00e9s teljes \u00e1r\u00e1t ki kell fizetni!\u00a0<\/em><\/span><\/p><p><strong>2 A Betegfelv\u00e9teli dokumentum kit\u00f6lt\u00e9se<\/strong><\/p><p><span style=\"font-weight: 400;\">Rendel\u0151nkben minden nap azon dolgozunk, hogy a legbiztons\u00e1gosabb k\u00f6r\u00fclm\u00e9nyek k\u00f6z\u00f6tt a legjobb szolg\u00e1ltat\u00e1st ny\u00fajtsuk a hozz\u00e1nk \u00e9rkez\u0151knek! <\/span><span style=\"font-weight: 400;\">Ez\u00e9rt megszeretn\u00e9nk k\u00e9rni, hogy <strong>az i-Clninic rendszerben \u00d6nnek kik\u00fcld\u00f6tt <em>Betegfelv\u00e9teli dokumentumot<\/em>\u00a0kit\u00f6ltve csatolja vissza sz\u00e1munkra az els\u0151 konzult\u00e1ci\u00f3 \u00e9s betegvizsg\u00e1lat el\u0151tt.<\/strong> Felh\u00edvjuk figyelm\u00e9t, hogy <em>ez a dokumentum csak az adatkezel\u00e9si t\u00e1j\u00e9koztat\u00f3 elfogad\u00e1sa ut\u00e1n lesz csak l\u00e1that\u00f3 \u00e9s kit\u00f6lthet\u0151<\/em>. \u00d6n az al\u00e1bbi k\u00e9rd\u0151\u00edv kit\u00f6lt\u00e9s\u00e9vel nagym\u00e9rt\u00e9kben seg\u00edti \u00e9s megk\u00f6nny\u00edti a munk\u00e1nkat. K\u00e9rj\u00fck, hogy minden egyes k\u00e9rd\u00e9sre v\u00e1laszoljon! Amennyiben a v\u00e1lasza nemleges, egyszer\u0171en csak h\u00fazza ki egy apr\u00f3 k\u00f6t\u0151jellel vagy hagyja szabadon. Amikor a dokumentum v\u00e9g\u00e9re \u00e9r, k\u00e9rj\u00fck <em>ne felejtse el a ment\u00e9s gombot megnyomni<\/em>, mert csak akkor lesz l\u00e1that\u00f3 a Mi saj\u00e1t rendszer\u00fcnkben az \u00d6n \u00e1ltal kit\u00f6lt\u00f6tt vizsg\u00e1lati lap.\u00a0<\/span><\/p><p><span style=\"font-weight: 400;\">Mi sem szeretj\u00fck a dokument\u00e1ci\u00f3t, de k\u00e9rem, legyen t\u00fcrelmes! Egyr\u00e9szt k\u00f6telez\u0151, m\u00e1sr\u00e9szt mindenk\u00e9pp le kell \u00edrnunk, hogy pontosan mit l\u00e1tunk \u00e9s mit csin\u00e1ltunk. Rendel\u0151nk elk\u00f6telezett amellett, hogy az \u00d6n szem\u00e9lyes- \u00e9s eg\u00e9szs\u00e9g\u00fcgyi adatait az ir\u00e1nyad\u00f3 adatv\u00e9delmi jogszab\u00e1lyoknak megfelel\u0151en kezelje, az \u00d6n adatv\u00e9delmi jogait tiszteletben tartsa.<\/span><\/p><ul><li><span style=\"font-weight: 400;\">Mire a rendel\u00e9sre j\u00f6n, k\u00e9rem gondolja \u00e1t, hogy a probl\u00e9m\u00e1ja, f\u00e1jdalma mikor jelentkezik \u00e9s milyen jelleg\u0171. Mi fokozza a t\u00fcneteket \u00e9s mi cs\u00f6kkenti? Milyen kor\u00e1bbi s\u00e9r\u00fcl\u00e9sei, m\u0171t\u00e9tjei \u00e9s f\u00e1jdalma volt ezt megel\u0151z\u0151en? Min\u00e9l pontosabban le tudja \u00edrni \u00e9s megtudja hat\u00e1rozni a probl\u00e9m\u00e1j\u00e1t, ann\u00e1l biztosabb, hogy nem t\u00f6ltj\u00fck felesleges vizsg\u00e1l\u00f3d\u00e1ssal \u00e9s gondolkoz\u00e1ssal az id\u0151nket.<\/span><\/li><li><span style=\"font-weight: 400;\"> A kezel\u00e9sek szempontj\u00e1b\u00f3l minden inform\u00e1ci\u00f3 fontos sz\u00e1munkra. Ha van m\u00e1r orvosi pap\u00edrja (friss szakorvosi lelete, CT, MRI, r\u00f6ntgen, ultrahang, ENG, EMG vizsg\u00e1lati eredm\u00e9nye), akkor hozza mag\u00e1val, vagy k\u00fcldje el a rendszer\u00fcnkbe! Fontos l\u00e1tni a k\u00e9palkot\u00f3 \u00e9s neurol\u00f3giai eredm\u00e9nyeket, \u00e9s nem csak a le\u00edr\u00e1st r\u00f3luk.<\/span><\/li><li><span style=\"font-weight: 400;\">K\u00e9rem olyan ruh\u00e1ban j\u00f6jj\u00f6n, hogyha a vizsg\u00e1lat \u00fagy ig\u00e9nyli, ne legyen sz\u00e9gyenl\u0151s, le tudjon vetk\u0151zni annyira, amennyire sz\u00fcks\u00e9ges. Mivel a testben minden \u00f6sszef\u00fcgg mindennel, ez\u00e9rt \u00e1ltal\u00e1ban az eg\u00e9sz test tart\u00e1s\u00e1t l\u00e1tnunk kell, hogy pontos k\u00e9pet kapjunk. Mindezek figyelembev\u00e9tel\u00e9vel fogjuk az \u00d6n egy\u00e9ni ter\u00e1pi\u00e1j\u00e1t \u00f6ssze\u00e1ll\u00edtani.<\/span><\/li><\/ul><p><em><span style=\"font-weight: 400;\">Nagyon k\u00f6sz\u00f6nj\u00fck egy\u00fcttm\u0171k\u00f6d\u00e9s\u00e9t \u00e9s seg\u00edts\u00e9g\u00e9t!<\/span><\/em><\/p><p><span style=\"font-weight: 400;\">P\u00e1pa, 2021. m\u00e1rcius 1.<\/span><\/p><p><strong>Szerz\u0151: <em>Moln\u00e1r Katalin gy\u00f3gytorn\u00e1sz &#8211; fizioterapeuta<\/em><\/strong><\/p>\t\t\t\t\t\t\t\t<\/div>\n\t\t\t\t<\/div>\n\t\t\t\t\t<\/div>\n\t\t<\/div>\n\t\t\t\t\t<\/div>\n\t\t<\/section>\n\t\t\t\t<\/div>","protected":false},"excerpt":{"rendered":"<p>Az i-Clinic szoftver haszn\u00e1lata Rendel\u0151nk az orvosokkal \u00e9s a p\u00e1ciensekkel t\u00f6rt\u00e9n\u0151 k\u00f6nnyebb kapcsolattart\u00e1s \u00e9rdek\u00e9ben az i-Clinic nevezet\u0171 praxiskezel\u0151 szoftvert haszn\u00e1lja.\u00a0Az i-Clinic egyik legfontosabb funkci\u00f3ja, hogy lehet\u0151v\u00e9 teszi a teljesk\u00f6r\u0171 p\u00e1cienskezel\u00e9st, vagyis a beteg\u00e9let\u00fat v\u00e9gig k\u00f6vetes\u00e9t\u0151l kezdve, a soron k\u00f6vetkez\u0151 vizitek r\u00f6gz\u00edt\u00e9s\u00e9t, az egyes kezel\u00e9sek ut\u00e1ni \u00e1llapotok \u00e9s eredm\u00e9nyek \u00f6sszehasonl\u00edt\u00e1s\u00e1t, \u00e9s persze az adott betegre szabott &#8230; <a title=\"Az i-Clinic szoftver haszn\u00e1lata\" class=\"read-more\" href=\"https:\/\/piriformismed.hu\/en\/hasznos-tudnivalok\/i-clinic\/\" aria-label=\"More on Az i-Clinic szoftver haszn\u00e1lata\">Read more<\/a><\/p>","protected":false},"author":3,"featured_media":0,"parent":287,"menu_order":0,"comment_status":"closed","ping_status":"closed","template":"elementor_header_footer","meta":{"_seopress_robots_primary_cat":"","_seopress_titles_title":"","_seopress_titles_desc":"","_seopress_robots_index":"","footnotes":""},"class_list":["post-377","page","type-page","status-publish"],"_links":{"self":[{"href":"https:\/\/piriformismed.hu\/en\/wp-json\/wp\/v2\/pages\/377","targetHints":{"allow":["GET"]}}],"collection":[{"href":"https:\/\/piriformismed.hu\/en\/wp-json\/wp\/v2\/pages"}],"about":[{"href":"https:\/\/piriformismed.hu\/en\/wp-json\/wp\/v2\/types\/page"}],"author":[{"embeddable":true,"href":"https:\/\/piriformismed.hu\/en\/wp-json\/wp\/v2\/users\/3"}],"replies":[{"embeddable":true,"href":"https:\/\/piriformismed.hu\/en\/wp-json\/wp\/v2\/comments?post=377"}],"version-history":[{"count":10,"href":"https:\/\/piriformismed.hu\/en\/wp-json\/wp\/v2\/pages\/377\/revisions"}],"predecessor-version":[{"id":4900,"href":"https:\/\/piriformismed.hu\/en\/wp-json\/wp\/v2\/pages\/377\/revisions\/4900"}],"up":[{"embeddable":true,"href":"https:\/\/piriformismed.hu\/en\/wp-json\/wp\/v2\/pages\/287"}],"wp:attachment":[{"href":"https:\/\/piriformismed.hu\/en\/wp-json\/wp\/v2\/media?parent=377"}],"curies":[{"name":"wp","href":"https:\/\/api.w.org\/{rel}","templated":true}]}}