{"id":383,"date":"2022-06-24T09:48:35","date_gmt":"2022-06-24T09:48:35","guid":{"rendered":"https:\/\/piriformismed.hu\/?page_id=383"},"modified":"2022-12-13T14:39:10","modified_gmt":"2022-12-13T14:39:10","slug":"szamlazas-es-egeszsegpenztar","status":"publish","type":"page","link":"https:\/\/piriformismed.hu\/en\/hasznos-tudnivalok\/szamlazas-es-egeszsegpenztar\/","title":{"rendered":"Online betegell\u00e1t\u00e1s"},"content":{"rendered":"<div data-elementor-type=\"wp-page\" data-elementor-id=\"383\" class=\"elementor elementor-383\" data-elementor-post-type=\"page\">\n\t\t\t\t\t\t<section class=\"elementor-section elementor-top-section elementor-element elementor-element-1dab80e6 elementor-section-boxed elementor-section-height-default elementor-section-height-default\" data-id=\"1dab80e6\" data-element_type=\"section\" data-e-type=\"section\" data-settings=\"{&quot;background_background&quot;:&quot;classic&quot;,&quot;shape_divider_bottom&quot;:&quot;mountains&quot;}\">\n\t\t\t\t\t<div class=\"elementor-shape elementor-shape-bottom\" aria-hidden=\"true\" data-negative=\"false\">\n\t\t\t<svg xmlns=\"http:\/\/www.w3.org\/2000\/svg\" viewbox=\"0 0 1000 100\" preserveaspectratio=\"none\">\n\t<path class=\"elementor-shape-fill\" opacity=\"0.33\" d=\"M473,67.3c-203.9,88.3-263.1-34-320.3,0C66,119.1,0,59.7,0,59.7V0h1000v59.7 c0,0-62.1,26.1-94.9,29.3c-32.8,3.3-62.8-12.3-75.8-22.1C806,49.6,745.3,8.7,694.9,4.7S492.4,59,473,67.3z\"\/>\n\t<path class=\"elementor-shape-fill\" opacity=\"0.66\" d=\"M734,67.3c-45.5,0-77.2-23.2-129.1-39.1c-28.6-8.7-150.3-10.1-254,39.1 s-91.7-34.4-149.2,0C115.7,118.3,0,39.8,0,39.8V0h1000v36.5c0,0-28.2-18.5-92.1-18.5C810.2,18.1,775.7,67.3,734,67.3z\"\/>\n\t<path class=\"elementor-shape-fill\" d=\"M766.1,28.9c-200-57.5-266,65.5-395.1,19.5C242,1.8,242,5.4,184.8,20.6C128,35.8,132.3,44.9,89.9,52.5C28.6,63.7,0,0,0,0 h1000c0,0-9.9,40.9-83.6,48.1S829.6,47,766.1,28.9z\"\/>\n<\/svg>\t\t<\/div>\n\t\t\t\t\t<div class=\"elementor-container elementor-column-gap-no\">\n\t\t\t\t\t<div class=\"elementor-column elementor-col-100 elementor-top-column elementor-element elementor-element-102e4dba\" data-id=\"102e4dba\" data-element_type=\"column\" data-e-type=\"column\">\n\t\t\t<div class=\"elementor-widget-wrap elementor-element-populated\">\n\t\t\t\t\t\t<div class=\"elementor-element elementor-element-18ebb7bd elementor-widget__width-initial elementor-absolute elementor-view-default elementor-widget elementor-widget-icon\" data-id=\"18ebb7bd\" data-element_type=\"widget\" data-e-type=\"widget\" data-settings=\"{&quot;motion_fx_motion_fx_mouse&quot;:&quot;yes&quot;,&quot;motion_fx_mouseTrack_effect&quot;:&quot;yes&quot;,&quot;motion_fx_mouseTrack_direction&quot;:&quot;negative&quot;,&quot;motion_fx_mouseTrack_speed&quot;:{&quot;unit&quot;:&quot;px&quot;,&quot;size&quot;:0.7,&quot;sizes&quot;:[]},&quot;_position&quot;:&quot;absolute&quot;}\" data-widget_type=\"icon.default\">\n\t\t\t\t<div class=\"elementor-widget-container\">\n\t\t\t\t\t\t\t<div class=\"elementor-icon-wrapper\">\n\t\t\t<div class=\"elementor-icon\">\n\t\t\t\t\t\t<\/div>\n\t\t<\/div>\n\t\t\t\t\t\t<\/div>\n\t\t\t\t<\/div>\n\t\t\t\t<div class=\"elementor-element elementor-element-37fde515 elementor-widget__width-initial elementor-absolute elementor-hidden-phone elementor-view-default elementor-widget elementor-widget-icon\" data-id=\"37fde515\" data-element_type=\"widget\" data-e-type=\"widget\" data-settings=\"{&quot;motion_fx_motion_fx_mouse&quot;:&quot;yes&quot;,&quot;motion_fx_mouseTrack_effect&quot;:&quot;yes&quot;,&quot;motion_fx_mouseTrack_direction&quot;:&quot;negative&quot;,&quot;motion_fx_mouseTrack_speed&quot;:{&quot;unit&quot;:&quot;px&quot;,&quot;size&quot;:0.8,&quot;sizes&quot;:[]},&quot;_position&quot;:&quot;absolute&quot;}\" data-widget_type=\"icon.default\">\n\t\t\t\t<div class=\"elementor-widget-container\">\n\t\t\t\t\t\t\t<div class=\"elementor-icon-wrapper\">\n\t\t\t<div class=\"elementor-icon\">\n\t\t\t\t\t\t<\/div>\n\t\t<\/div>\n\t\t\t\t\t\t<\/div>\n\t\t\t\t<\/div>\n\t\t\t\t<div class=\"elementor-element elementor-element-276edc67 elementor-widget__width-initial elementor-absolute elementor-hidden-tablet elementor-hidden-phone elementor-view-default elementor-widget elementor-widget-icon\" data-id=\"276edc67\" data-element_type=\"widget\" data-e-type=\"widget\" data-settings=\"{&quot;motion_fx_motion_fx_mouse&quot;:&quot;yes&quot;,&quot;motion_fx_mouseTrack_effect&quot;:&quot;yes&quot;,&quot;motion_fx_mouseTrack_speed&quot;:{&quot;unit&quot;:&quot;px&quot;,&quot;size&quot;:0.4,&quot;sizes&quot;:[]},&quot;_position&quot;:&quot;absolute&quot;}\" data-widget_type=\"icon.default\">\n\t\t\t\t<div class=\"elementor-widget-container\">\n\t\t\t\t\t\t\t<div class=\"elementor-icon-wrapper\">\n\t\t\t<div class=\"elementor-icon\">\n\t\t\t\t\t\t<\/div>\n\t\t<\/div>\n\t\t\t\t\t\t<\/div>\n\t\t\t\t<\/div>\n\t\t\t\t<div class=\"elementor-element elementor-element-1ad5e726 elementor-widget__width-initial elementor-absolute elementor-view-default elementor-widget elementor-widget-icon\" data-id=\"1ad5e726\" data-element_type=\"widget\" data-e-type=\"widget\" data-settings=\"{&quot;motion_fx_motion_fx_mouse&quot;:&quot;yes&quot;,&quot;motion_fx_mouseTrack_effect&quot;:&quot;yes&quot;,&quot;motion_fx_mouseTrack_speed&quot;:{&quot;unit&quot;:&quot;px&quot;,&quot;size&quot;:0.4,&quot;sizes&quot;:[]},&quot;_position&quot;:&quot;absolute&quot;}\" data-widget_type=\"icon.default\">\n\t\t\t\t<div class=\"elementor-widget-container\">\n\t\t\t\t\t\t\t<div class=\"elementor-icon-wrapper\">\n\t\t\t<div class=\"elementor-icon\">\n\t\t\t\t\t\t<\/div>\n\t\t<\/div>\n\t\t\t\t\t\t<\/div>\n\t\t\t\t<\/div>\n\t\t\t\t<div class=\"elementor-element elementor-element-5f080d9 elementor-widget elementor-widget-heading\" data-id=\"5f080d9\" data-element_type=\"widget\" data-e-type=\"widget\" data-widget_type=\"heading.default\">\n\t\t\t\t<div class=\"elementor-widget-container\">\n\t\t\t\t\t<h1 class=\"elementor-heading-title elementor-size-default\">Online betegell\u00e1t\u00e1s<\/h1>\t\t\t\t<\/div>\n\t\t\t\t<\/div>\n\t\t\t\t\t<\/div>\n\t\t<\/div>\n\t\t\t\t\t<\/div>\n\t\t<\/section>\n\t\t\t\t<section class=\"elementor-section elementor-top-section elementor-element elementor-element-25e3fffe elementor-section-content-middle elementor-section-boxed elementor-section-height-default elementor-section-height-default\" data-id=\"25e3fffe\" data-element_type=\"section\" data-e-type=\"section\">\n\t\t\t\t\t\t<div class=\"elementor-container elementor-column-gap-no\">\n\t\t\t\t\t<div class=\"elementor-column elementor-col-100 elementor-top-column elementor-element elementor-element-3d4a57a1\" data-id=\"3d4a57a1\" data-element_type=\"column\" data-e-type=\"column\">\n\t\t\t<div class=\"elementor-widget-wrap elementor-element-populated\">\n\t\t\t\t\t\t<div class=\"elementor-element elementor-element-666fe0c elementor-widget-divider--view-line_icon elementor-widget-divider--separator-type-pattern elementor-view-default elementor-widget-divider--element-align-center elementor-widget elementor-widget-divider\" data-id=\"666fe0c\" data-element_type=\"widget\" data-e-type=\"widget\" data-widget_type=\"divider.default\">\n\t\t\t\t<div class=\"elementor-widget-container\">\n\t\t\t\t\t\t\t<div class=\"elementor-divider\" style=\"--divider-pattern-url: url(&quot;data:image\/svg+xml,%3Csvg xmlns=&#039;http:\/\/www.w3.org\/2000\/svg&#039; preserveAspectRatio=&#039;none&#039; overflow=&#039;visible&#039; height=&#039;100%&#039; viewBox=&#039;0 0 24 24&#039; fill=&#039;none&#039; stroke=&#039;black&#039; stroke-width=&#039;3&#039; stroke-linecap=&#039;square&#039; stroke-miterlimit=&#039;10&#039;%3E%3Cpolyline points=&#039;0,18 12,6 24,18 &#039;\/%3E%3C\/svg%3E&quot;);\">\n\t\t\t<span class=\"elementor-divider-separator\">\n\t\t\t\t\t\t\t<div class=\"elementor-icon elementor-divider__element\">\n\t\t\t\t\t<i aria-hidden=\"true\" class=\"fas fa-running\"><\/i><\/div>\n\t\t\t\t\t\t<\/span>\n\t\t<\/div>\n\t\t\t\t\t\t<\/div>\n\t\t\t\t<\/div>\n\t\t\t\t\t<\/div>\n\t\t<\/div>\n\t\t\t\t\t<\/div>\n\t\t<\/section>\n\t\t\t\t<section class=\"elementor-section elementor-top-section elementor-element elementor-element-3627e09 elementor-section-boxed elementor-section-height-default elementor-section-height-default\" data-id=\"3627e09\" data-element_type=\"section\" data-e-type=\"section\">\n\t\t\t\t\t\t<div class=\"elementor-container elementor-column-gap-default\">\n\t\t\t\t\t<div class=\"elementor-column elementor-col-100 elementor-top-column elementor-element elementor-element-66df09d\" data-id=\"66df09d\" data-element_type=\"column\" data-e-type=\"column\">\n\t\t\t<div class=\"elementor-widget-wrap elementor-element-populated\">\n\t\t\t\t\t\t<div class=\"elementor-element elementor-element-1cb2ade elementor-widget elementor-widget-text-editor\" data-id=\"1cb2ade\" data-element_type=\"widget\" data-e-type=\"widget\" data-widget_type=\"text-editor.default\">\n\t\t\t\t<div class=\"elementor-widget-container\">\n\t\t\t\t\t\t\t\t\t<p><strong>1. Bejelentkez\u00e9s<\/strong><\/p><p style=\"text-align: justify;\">Munkat\u00e1rsaink minden esetben telefonon t\u00e1j\u00e9koztatj\u00e1k \u00d6nt az online konzult\u00e1ci\u00f3hoz sz\u00fcks\u00e9ges technikai felt\u00e9telekr\u0151l, a fizet\u00e9ssel kapcsolatos inform\u00e1ci\u00f3kr\u00f3l \u00e9s az adatkezel\u00e9ssel kapcsolatos tudnival\u00f3kr\u00f3l.<\/p><p style=\"text-align: justify;\">Csak azoknak a P\u00e1cienseinknek javasoljuk az online gy\u00f3gytorna \u00f3r\u00e1kra val\u00f3 jelentkez\u00e9st, akik r\u00e9szt vettek m\u00e1r az els\u0151 szem\u00e9lyes vizsg\u00e1lati alkalmon, amely kulcsfontoss\u00e1g\u00fa a hat\u00e9kony megfelel\u0151 ter\u00e1pia megszervez\u00e9s\u00e9hez. Biztons\u00e1gosan csak \u00fagy gy\u00f3gytorn\u00e1zhat otthon\u00e1ban a P\u00e1ciens, ha az alapokat m\u00e1r begyakorolt\u00e1k \u00e9s a helyes mozdulatokat elsaj\u00e1t\u00edtott\u00e1k. <em>Nem javasoljuk az online torn\u00e1t k\u00f6zvetlen\u00fcl m\u0171t\u00e9t ut\u00e1n<\/em>, mert fokozatos el\u0151vigy\u00e1zatoss\u00e1g sz\u00fcks\u00e9ges illetve <em>kezd\u0151 programk\u00e9nt<\/em> amikor a helyes mozg\u00e1sok elsaj\u00e1t\u00edt\u00e1sa t\u00f6rt\u00e9nik, mert ebben az esetben a megfelel\u0151 vizu\u00e1lis \u00e9s manu\u00e1lis kontroll nem lehets\u00e9ges.<\/p><p><strong>2. Fizet\u00e9s<\/strong><\/p><p style=\"text-align: justify;\">K\u00e9rj\u00fck, hogy a kapott instrukci\u00f3k alapj\u00e1n fizesse ki a t\u00e1vkonzult\u00e1ci\u00f3 d\u00edj\u00e1t. A sz\u00e1mla kiegyenl\u00edt\u00e9se ut\u00e1n, az egyeztetett online konzult\u00e1ci\u00f3hoz k\u00f6zeli id\u0151pontban ugyancsak <em>e-mailen k\u00fcldj\u00fck \u00d6nnek az online vizithez sz\u00fcks\u00e9ges bel\u00e9p\u00e9si linket<\/em> amit k\u00e9rj\u00fck, hogy \u0151rizzenek meg.<\/p><p><strong>3. Szakorvosi leletek \u00e9s radiol\u00f3giai anyagok<\/strong><\/p><p style=\"text-align: justify;\">M\u00e9g a konzult\u00e1ci\u00f3 megkezd\u00e9se el\u0151tt k\u00e9rj\u00fck <em>csatolja be sz\u00e1munkra a legfrissebb leleteit \u00e9s diagnosztikai anyagokat<\/em> a megadott online fel\u00fclet\u00fcnkre.\u00a0<\/p><p><strong>4. Online gy\u00f3gytorna foglalkoz\u00e1shoz sz\u00fcks\u00e9ges felt\u00e9telek<\/strong><\/p><p>Az online gy\u00f3gytorna foglalkoz\u00e1shoz egy kamer\u00e1val \u00e9s mikrofonnal ell\u00e1tott informatikai eszk\u00f6zre vagy mobiltelefonra van sz\u00fcks\u00e9g. Emellett elengedhetetlen a j\u00f3 min\u0151s\u00e9g\u0171 internet kapcsolat. Az eszk\u00f6zre el\u0151zetesen telep\u00edteni kell a <em>Microsoft Teams &amp; Physitrack<\/em> alkalmaz\u00e1st. A megbesz\u00e9lt id\u0151pontban a gy\u00f3gytorn\u00e1sz elind\u00edtja a gy\u00f3gytorna \u00f3r\u00e1t, a megk\u00fcld\u00f6tt link akt\u00edvv\u00e1 v\u00e1lik. A Betegnek biztos\u00edtania kell otthon\u00e1ban \u00d6nmaga sz\u00e1m\u00e1ra a gy\u00f3gytorn\u00e1hoz sz\u00fcks\u00e9ges megfelel\u0151 teret, sz\u0151nyeget \u00e9s a rehabilit\u00e1ci\u00f3hoz sz\u00fcks\u00e9ges eszk\u00f6z\u00f6ket.\u00a0<\/p><p><strong>5. Szab\u00e1lyok<\/strong><\/p><p>T\u00e1j\u00e9koztatjuk \u00d6n\u00f6ket, hogy Rendel\u0151nk H\u00e1zirendje tartalmazza a rendel\u0151ben k\u00f6vetend\u0151 bels\u0151 norm\u00e1kat, \u00f6sszefoglalja a rendel\u0151 dolgoz\u00f3inak \u00e9s az ott megjelen\u0151 betegeknek &#8211; munkav\u00e9gz\u00e9s\u00fcknek, magatart\u00e1suknak -, egy\u00fctt\u00e9l\u00e9s\u00fcknek alapszab\u00e1lyait. A <em>Netikett<\/em> c\u00e9lja, hogy a dolgoz\u00f3k \u00e9s betegek viselked\u00e9se az online ell\u00e1t\u00e1sban \u00e9s az online kezel\u00e9seken \u00e9s programokon is k\u00f6vesse a rendel\u0151i norm\u00e1kat, szab\u00e1lyokat. Ez\u00e9rt a <em>H\u00e1zirend pontjai<\/em> \u00e9rv\u00e9nyesek a PiriformisMed online ter\u00e9ben is.<\/p><p><span style=\"font-weight: 400;\">P\u00e1pa, 2021. m\u00e1rcius 1.<\/span><\/p><p><strong>Szerz\u0151: <em>Moln\u00e1r Katalin gy\u00f3gytorn\u00e1sz &#8211; fizioterapeuta<\/em><\/strong><\/p>\t\t\t\t\t\t\t\t<\/div>\n\t\t\t\t<\/div>\n\t\t\t\t\t<\/div>\n\t\t<\/div>\n\t\t\t\t\t<\/div>\n\t\t<\/section>\n\t\t\t\t<\/div>","protected":false},"excerpt":{"rendered":"<p>Online betegell\u00e1t\u00e1s 1. Bejelentkez\u00e9s Munkat\u00e1rsaink minden esetben telefonon t\u00e1j\u00e9koztatj\u00e1k \u00d6nt az online konzult\u00e1ci\u00f3hoz sz\u00fcks\u00e9ges technikai felt\u00e9telekr\u0151l, a fizet\u00e9ssel kapcsolatos inform\u00e1ci\u00f3kr\u00f3l \u00e9s az adatkezel\u00e9ssel kapcsolatos tudnival\u00f3kr\u00f3l. Csak azoknak a P\u00e1cienseinknek javasoljuk az online gy\u00f3gytorna \u00f3r\u00e1kra val\u00f3 jelentkez\u00e9st, akik r\u00e9szt vettek m\u00e1r az els\u0151 szem\u00e9lyes vizsg\u00e1lati alkalmon, amely kulcsfontoss\u00e1g\u00fa a hat\u00e9kony megfelel\u0151 ter\u00e1pia megszervez\u00e9s\u00e9hez. Biztons\u00e1gosan csak \u00fagy &#8230; <a title=\"Online betegell\u00e1t\u00e1s\" class=\"read-more\" href=\"https:\/\/piriformismed.hu\/en\/hasznos-tudnivalok\/szamlazas-es-egeszsegpenztar\/\" aria-label=\"More on Online betegell\u00e1t\u00e1s\">Read more<\/a><\/p>","protected":false},"author":3,"featured_media":0,"parent":287,"menu_order":0,"comment_status":"closed","ping_status":"closed","template":"elementor_header_footer","meta":{"_seopress_robots_primary_cat":"","_seopress_titles_title":"","_seopress_titles_desc":"","_seopress_robots_index":"","footnotes":""},"class_list":["post-383","page","type-page","status-publish"],"_links":{"self":[{"href":"https:\/\/piriformismed.hu\/en\/wp-json\/wp\/v2\/pages\/383","targetHints":{"allow":["GET"]}}],"collection":[{"href":"https:\/\/piriformismed.hu\/en\/wp-json\/wp\/v2\/pages"}],"about":[{"href":"https:\/\/piriformismed.hu\/en\/wp-json\/wp\/v2\/types\/page"}],"author":[{"embeddable":true,"href":"https:\/\/piriformismed.hu\/en\/wp-json\/wp\/v2\/users\/3"}],"replies":[{"embeddable":true,"href":"https:\/\/piriformismed.hu\/en\/wp-json\/wp\/v2\/comments?post=383"}],"version-history":[{"count":29,"href":"https:\/\/piriformismed.hu\/en\/wp-json\/wp\/v2\/pages\/383\/revisions"}],"predecessor-version":[{"id":4673,"href":"https:\/\/piriformismed.hu\/en\/wp-json\/wp\/v2\/pages\/383\/revisions\/4673"}],"up":[{"embeddable":true,"href":"https:\/\/piriformismed.hu\/en\/wp-json\/wp\/v2\/pages\/287"}],"wp:attachment":[{"href":"https:\/\/piriformismed.hu\/en\/wp-json\/wp\/v2\/media?parent=383"}],"curies":[{"name":"wp","href":"https:\/\/api.w.org\/{rel}","templated":true}]}}